{"id":2592,"date":"2024-01-16T13:12:59","date_gmt":"2024-01-16T13:12:59","guid":{"rendered":"https:\/\/ilkimakcabelen.com\/de\/dr-samet-sendur\/"},"modified":"2025-11-10T12:37:03","modified_gmt":"2025-11-10T12:37:03","slug":"uber-uns","status":"publish","type":"page","link":"https:\/\/ilkimakcabelen.com\/de\/uber-uns\/","title":{"rendered":"\u00dcber uns"},"content":{"rendered":"\t\t<div data-elementor-type=\"wp-page\" data-elementor-id=\"2592\" class=\"elementor elementor-2592\" data-elementor-post-type=\"page\">\n\t\t\t\t\t\t\t<div class=\"elementor-element elementor-element-04971d7 e-flex e-con-boxed wpr-particle-no wpr-jarallax-no wpr-parallax-no wpr-sticky-section-no e-con e-parent\" data-id=\"04971d7\" data-element_type=\"container\" data-settings=\"{&quot;background_background&quot;:&quot;classic&quot;,&quot;content_width&quot;:&quot;boxed&quot;}\" data-core-v316-plus=\"true\">\n\t\t\t\t\t<div class=\"e-con-inner\">\n\t\t\t\t<div class=\"elementor-element elementor-element-7c954f8 elementor-widget__width-auto elementor-widget elementor-widget-html\" data-id=\"7c954f8\" data-element_type=\"widget\" data-widget_type=\"html.default\">\n\t\t\t\t<div class=\"elementor-widget-container\">\n\t\t\t<div class=\"aioseo-breadcrumbs\"><span class=\"aioseo-breadcrumb\">\n\tHome\n<\/span><\/div>\t\t<\/div>\n\t\t\t\t<\/div>\n\t\t\t\t<div class=\"elementor-element elementor-element-b83b8b8 elementor-widget elementor-widget-spacer\" data-id=\"b83b8b8\" data-element_type=\"widget\" data-widget_type=\"spacer.default\">\n\t\t\t\t<div class=\"elementor-widget-container\">\n\t\t\t<style>\/*! elementor - v3.18.0 - 20-12-2023 *\/\n.elementor-column .elementor-spacer-inner{height:var(--spacer-size)}.e-con{--container-widget-width:100%}.e-con-inner>.elementor-widget-spacer,.e-con>.elementor-widget-spacer{width:var(--container-widget-width,var(--spacer-size));--align-self:var(--container-widget-align-self,initial);--flex-shrink:0}.e-con-inner>.elementor-widget-spacer>.elementor-widget-container,.e-con>.elementor-widget-spacer>.elementor-widget-container{height:100%;width:100%}.e-con-inner>.elementor-widget-spacer>.elementor-widget-container>.elementor-spacer,.e-con>.elementor-widget-spacer>.elementor-widget-container>.elementor-spacer{height:100%}.e-con-inner>.elementor-widget-spacer>.elementor-widget-container>.elementor-spacer>.elementor-spacer-inner,.e-con>.elementor-widget-spacer>.elementor-widget-container>.elementor-spacer>.elementor-spacer-inner{height:var(--container-widget-height,var(--spacer-size))}.e-con-inner>.elementor-widget-spacer.elementor-widget-empty,.e-con>.elementor-widget-spacer.elementor-widget-empty{position:relative;min-height:22px;min-width:22px}.e-con-inner>.elementor-widget-spacer.elementor-widget-empty .elementor-widget-empty-icon,.e-con>.elementor-widget-spacer.elementor-widget-empty .elementor-widget-empty-icon{position:absolute;top:0;bottom:0;left:0;right:0;margin:auto;padding:0;width:22px;height:22px}<\/style>\t\t<div class=\"elementor-spacer\">\n\t\t\t<div class=\"elementor-spacer-inner\"><\/div>\n\t\t<\/div>\n\t\t\t\t<\/div>\n\t\t\t\t<\/div>\n\t\t\t\t<div class=\"elementor-element elementor-element-92f360a elementor-widget elementor-widget-heading\" data-id=\"92f360a\" data-element_type=\"widget\" data-widget_type=\"heading.default\">\n\t\t\t\t<div class=\"elementor-widget-container\">\n\t\t\t<style>\/*! elementor - v3.18.0 - 20-12-2023 *\/\n.elementor-heading-title{padding:0;margin:0;line-height:1}.elementor-widget-heading .elementor-heading-title[class*=elementor-size-]>a{color:inherit;font-size:inherit;line-height:inherit}.elementor-widget-heading .elementor-heading-title.elementor-size-small{font-size:15px}.elementor-widget-heading .elementor-heading-title.elementor-size-medium{font-size:19px}.elementor-widget-heading .elementor-heading-title.elementor-size-large{font-size:29px}.elementor-widget-heading .elementor-heading-title.elementor-size-xl{font-size:39px}.elementor-widget-heading .elementor-heading-title.elementor-size-xxl{font-size:59px}<\/style><h1 class=\"elementor-heading-title elementor-size-default\">\u00dcber uns<\/h1>\t\t<\/div>\n\t\t\t\t<\/div>\n\t\t\t\t\t<\/div>\n\t\t\t\t<\/div>\n\t\t\t\t<section class=\"elementor-section elementor-top-section elementor-element elementor-element-d3e0ea4 elementor-section-content-middle elementor-section-boxed elementor-section-height-default elementor-section-height-default wpr-particle-no wpr-jarallax-no wpr-parallax-no wpr-sticky-section-no\" data-id=\"d3e0ea4\" data-element_type=\"section\">\n\t\t\t\t\t\t<div class=\"elementor-container elementor-column-gap-default\">\n\t\t\t\t\t<div class=\"elementor-column elementor-col-50 elementor-top-column elementor-element elementor-element-4a66a65\" data-id=\"4a66a65\" data-element_type=\"column\">\n\t\t\t<div class=\"elementor-widget-wrap elementor-element-populated\">\n\t\t\t\t\t\t\t\t<div class=\"elementor-element elementor-element-a5f42b6 elementor-widget elementor-widget-image\" data-id=\"a5f42b6\" data-element_type=\"widget\" data-widget_type=\"image.default\">\n\t\t\t\t<div class=\"elementor-widget-container\">\n\t\t\t<style>\/*! elementor - v3.18.0 - 20-12-2023 *\/\n.elementor-widget-image{text-align:center}.elementor-widget-image a{display:inline-block}.elementor-widget-image a img[src$=\".svg\"]{width:48px}.elementor-widget-image img{vertical-align:middle;display:inline-block}<\/style>\t\t\t\t\t\t\t\t\t\t\t\t<img fetchpriority=\"high\" decoding=\"async\" width=\"655\" height=\"1041\" src=\"https:\/\/ilkimakcabelen.com\/de\/wp-content\/uploads\/2025\/08\/ilkim-about1.png\" class=\"attachment-full size-full wp-image-6073\" alt=\"\" srcset=\"https:\/\/ilkimakcabelen.com\/de\/wp-content\/uploads\/2025\/08\/ilkim-about1.png 655w, https:\/\/ilkimakcabelen.com\/de\/wp-content\/uploads\/2025\/08\/ilkim-about1-189x300.png 189w, https:\/\/ilkimakcabelen.com\/de\/wp-content\/uploads\/2025\/08\/ilkim-about1-644x1024.png 644w\" sizes=\"(max-width: 655px) 100vw, 655px\" \/>\t\t\t\t\t\t\t\t\t\t\t\t\t\t\t<\/div>\n\t\t\t\t<\/div>\n\t\t\t\t\t<\/div>\n\t\t<\/div>\n\t\t\t\t<div class=\"elementor-column elementor-col-50 elementor-top-column elementor-element elementor-element-6093cce\" data-id=\"6093cce\" data-element_type=\"column\">\n\t\t\t<div class=\"elementor-widget-wrap elementor-element-populated\">\n\t\t\t\t\t\t\t\t<div class=\"elementor-element elementor-element-6ca262e elementor-widget elementor-widget-heading\" data-id=\"6ca262e\" data-element_type=\"widget\" data-widget_type=\"heading.default\">\n\t\t\t\t<div class=\"elementor-widget-container\">\n\t\t\t<div class=\"elementor-heading-title elementor-size-default\">Zahnarzt<\/div>\t\t<\/div>\n\t\t\t\t<\/div>\n\t\t\t\t<div class=\"elementor-element elementor-element-f631a7c elementor-widget elementor-widget-heading\" data-id=\"f631a7c\" data-element_type=\"widget\" data-widget_type=\"heading.default\">\n\t\t\t\t<div class=\"elementor-widget-container\">\n\t\t\t<h2 class=\"elementor-heading-title elementor-size-default\">Dt. \u0130lkim Akcabelen<\/h2>\t\t<\/div>\n\t\t\t\t<\/div>\n\t\t\t\t<div class=\"elementor-element elementor-element-876d798 elementor-widget elementor-widget-spacer\" data-id=\"876d798\" data-element_type=\"widget\" data-widget_type=\"spacer.default\">\n\t\t\t\t<div class=\"elementor-widget-container\">\n\t\t\t\t\t<div class=\"elementor-spacer\">\n\t\t\t<div class=\"elementor-spacer-inner\"><\/div>\n\t\t<\/div>\n\t\t\t\t<\/div>\n\t\t\t\t<\/div>\n\t\t\t\t<div class=\"elementor-element elementor-element-b36656d elementor-widget elementor-widget-text-editor\" data-id=\"b36656d\" data-element_type=\"widget\" data-widget_type=\"text-editor.default\">\n\t\t\t\t<div class=\"elementor-widget-container\">\n\t\t\t<style>\/*! elementor - v3.18.0 - 20-12-2023 *\/\n.elementor-widget-text-editor.elementor-drop-cap-view-stacked .elementor-drop-cap{background-color:#69727d;color:#fff}.elementor-widget-text-editor.elementor-drop-cap-view-framed .elementor-drop-cap{color:#69727d;border:3px solid;background-color:transparent}.elementor-widget-text-editor:not(.elementor-drop-cap-view-default) .elementor-drop-cap{margin-top:8px}.elementor-widget-text-editor:not(.elementor-drop-cap-view-default) .elementor-drop-cap-letter{width:1em;height:1em}.elementor-widget-text-editor .elementor-drop-cap{float:left;text-align:center;line-height:1;font-size:50px}.elementor-widget-text-editor .elementor-drop-cap-letter{display:inline-block}<\/style>\t\t\t\t<p><strong>Dt. \u0130lkim Ak\u00e7abelen<\/strong> ist eine Zahn\u00e4rztin mit einer engagierten und erfolgreichen Karriere in der Zahnmedizin. Sie begann ihre Schullaufbahn an privaten \u015eahin-Schulen und absolvierte dann das Sakarya Cevat Ayhan Science High School. Hier entwickelte sich ihr Interesse an wissenschaftlichen und akademischen Bereichen weiter. Dt. Ak\u00e7abelen absolvierte ihre zahnmedizinische Ausbildung von 2017-2022 an der zahnmedizinischen Fakult\u00e4t der Universit\u00e4t Istanbul, die f\u00fcr ihr weltweit anerkanntes akademisches Personal und ihre fortschrittliche Forschung bekannt ist, und erwarb umfangreiche Kenntnisse und Erfahrungen in der Zahnmedizin.<\/p><p>Dt. Ak\u00e7abelen legt Wert auf eine kontinuierliche berufliche Weiterentwicklung und verfolgt aufmerksam die neuesten Entwicklungen in der Zahnmedizin. Sie nimmt an internationalen Kongressen teil, u. a. am Osteology Symposium in Barcelona, um ihr Wissen zu vertiefen und ihre Perspektive zu erweitern.<\/p><p>Neben ihrer beruflichen T\u00e4tigkeit legt Dr. Ak\u00e7abelen Wert auf ein ausgeglichenes Leben und interessiert sich f\u00fcr verschiedene Hobbys wie Tischtennis, Tennis, Malen und Keramik. Diese Aktivit\u00e4ten bieten sowohl Vergn\u00fcgen als auch einen Ausgleich zu ihrem arbeitsreichen Berufsleben.<\/p><p>Dr. Ak\u00e7abelen setzt sich leidenschaftlich f\u00fcr die Verbesserung der Gesundheit und die Steigerung der Lebensqualit\u00e4t ihrer Patienten ein. Ak\u00e7abelen f\u00fchrt ihre Arbeit mit Disziplin, Hingabe und einem patientenorientierten Ansatz aus. Seine umfassende Erfahrung und sein Verst\u00e4ndnis von Spitzenleistungen in der Zahnmedizin erm\u00f6glichen es ihm, seinen Patienten einen erstklassigen Service zu bieten. Dt. Ak\u00e7abelen ist bestrebt, sich in seinem Beruf weiterzuentwickeln und seinen Patienten ein gesundes, strahlendes L\u00e4cheln zu schenken.<\/p>\t\t\t\t\t\t<\/div>\n\t\t\t\t<\/div>\n\t\t\t\t\t<\/div>\n\t\t<\/div>\n\t\t\t\t\t\t\t<\/div>\n\t\t<\/section>\n\t\t\t\t<section class=\"elementor-section elementor-top-section elementor-element elementor-element-1e43dff elementor-section-content-middle elementor-section-boxed elementor-section-height-default elementor-section-height-default wpr-particle-no wpr-jarallax-no wpr-parallax-no wpr-sticky-section-no\" data-id=\"1e43dff\" data-element_type=\"section\" data-settings=\"{&quot;background_background&quot;:&quot;classic&quot;}\">\n\t\t\t\t\t\t<div class=\"elementor-container elementor-column-gap-default\">\n\t\t\t\t\t<div class=\"elementor-column elementor-col-100 elementor-top-column elementor-element elementor-element-f2e62b0\" data-id=\"f2e62b0\" data-element_type=\"column\">\n\t\t\t<div class=\"elementor-widget-wrap elementor-element-populated\">\n\t\t\t\t\t\t\t\t<div class=\"elementor-element elementor-element-02660bb elementor-widget elementor-widget-heading\" data-id=\"02660bb\" data-element_type=\"widget\" data-widget_type=\"heading.default\">\n\t\t\t\t<div class=\"elementor-widget-container\">\n\t\t\t<h2 class=\"elementor-heading-title elementor-size-default\">Bescheinigungen und Schulungen<\/h2>\t\t<\/div>\n\t\t\t\t<\/div>\n\t\t\t\t<div class=\"elementor-element elementor-element-c7f2c7d elementor-widget elementor-widget-spacer\" data-id=\"c7f2c7d\" data-element_type=\"widget\" data-widget_type=\"spacer.default\">\n\t\t\t\t<div class=\"elementor-widget-container\">\n\t\t\t\t\t<div class=\"elementor-spacer\">\n\t\t\t<div class=\"elementor-spacer-inner\"><\/div>\n\t\t<\/div>\n\t\t\t\t<\/div>\n\t\t\t\t<\/div>\n\t\t\t\t<div class=\"elementor-element elementor-element-4b66bfd elementor-widget elementor-widget-gallery\" data-id=\"4b66bfd\" data-element_type=\"widget\" data-settings=\"{&quot;columns_mobile&quot;:2,&quot;gap&quot;:{&quot;unit&quot;:&quot;px&quot;,&quot;size&quot;:20,&quot;sizes&quot;:[]},&quot;lazyload&quot;:&quot;yes&quot;,&quot;gallery_layout&quot;:&quot;grid&quot;,&quot;columns&quot;:4,&quot;columns_tablet&quot;:2,&quot;gap_laptop&quot;:{&quot;unit&quot;:&quot;px&quot;,&quot;size&quot;:10,&quot;sizes&quot;:[]},&quot;gap_tablet&quot;:{&quot;unit&quot;:&quot;px&quot;,&quot;size&quot;:10,&quot;sizes&quot;:[]},&quot;gap_mobile&quot;:{&quot;unit&quot;:&quot;px&quot;,&quot;size&quot;:10,&quot;sizes&quot;:[]},&quot;link_to&quot;:&quot;file&quot;,&quot;aspect_ratio&quot;:&quot;3:2&quot;,&quot;overlay_background&quot;:&quot;yes&quot;,&quot;content_hover_animation&quot;:&quot;fade-in&quot;}\" data-widget_type=\"gallery.default\">\n\t\t\t\t<div class=\"elementor-widget-container\">\n\t\t\t<style>\/*! elementor-pro - v3.18.0 - 06-12-2023 *\/\n.elementor-gallery__container{min-height:1px}.elementor-gallery-item{position:relative;overflow:hidden;display:block;text-decoration:none;border:solid var(--image-border-width) var(--image-border-color);border-radius:var(--image-border-radius)}.elementor-gallery-item__content,.elementor-gallery-item__overlay{height:100%;width:100%;position:absolute;top:0;left:0}.elementor-gallery-item__overlay{mix-blend-mode:var(--overlay-mix-blend-mode);transition-duration:var(--overlay-transition-duration);transition-property:mix-blend-mode,transform,opacity,background-color}.elementor-gallery-item__image.e-gallery-image{transition-duration:var(--image-transition-duration);transition-property:filter,transform}.elementor-gallery-item__content{display:flex;flex-direction:column;justify-content:var(--content-justify-content,center);align-items:center;text-align:var(--content-text-align);padding:var(--content-padding)}.elementor-gallery-item__content>div{transition-duration:var(--content-transition-duration)}.elementor-gallery-item__content.elementor-gallery--sequenced-animation>div:nth-child(2){transition-delay:calc(var(--content-transition-delay) \/ 3)}.elementor-gallery-item__content.elementor-gallery--sequenced-animation>div:nth-child(3){transition-delay:calc(var(--content-transition-delay) \/ 3 * 2)}.elementor-gallery-item__content.elementor-gallery--sequenced-animation>div:nth-child(4){transition-delay:calc(var(--content-transition-delay) \/ 3 * 3)}.elementor-gallery-item__description{color:var(--description-text-color,#fff);width:100%}.elementor-gallery-item__title{color:var(--title-text-color,#fff);font-weight:700;width:100%}.elementor-gallery__titles-container{display:flex;flex-wrap:wrap;justify-content:var(--titles-container-justify-content,center);margin-bottom:20px}.elementor-gallery__titles-container:not(.e--pointer-framed) .elementor-item:after,.elementor-gallery__titles-container:not(.e--pointer-framed) .elementor-item:before{background-color:var(--galleries-pointer-bg-color-hover)}.elementor-gallery__titles-container:not(.e--pointer-framed) .elementor-item.elementor-item-active:after,.elementor-gallery__titles-container:not(.e--pointer-framed) .elementor-item.elementor-item-active:before{background-color:var(--galleries-pointer-bg-color-active)}.elementor-gallery__titles-container.e--pointer-framed .elementor-item:before{border-color:var(--galleries-pointer-bg-color-hover);border-width:var(--galleries-pointer-border-width)}.elementor-gallery__titles-container.e--pointer-framed .elementor-item:after{border-color:var(--galleries-pointer-bg-color-hover)}.elementor-gallery__titles-container.e--pointer-framed .elementor-item.elementor-item-active:after,.elementor-gallery__titles-container.e--pointer-framed .elementor-item.elementor-item-active:before{border-color:var(--galleries-pointer-bg-color-active)}.elementor-gallery__titles-container.e--pointer-framed.e--animation-draw .elementor-item:before{border-left-width:var(--galleries-pointer-border-width);border-bottom-width:var(--galleries-pointer-border-width);border-right-width:0;border-top-width:0}.elementor-gallery__titles-container.e--pointer-framed.e--animation-draw .elementor-item:after{border-left-width:0;border-bottom-width:0;border-right-width:var(--galleries-pointer-border-width);border-top-width:var(--galleries-pointer-border-width)}.elementor-gallery__titles-container.e--pointer-framed.e--animation-corners .elementor-item:before{border-left-width:var(--galleries-pointer-border-width);border-bottom-width:0;border-right-width:0;border-top-width:var(--galleries-pointer-border-width)}.elementor-gallery__titles-container.e--pointer-framed.e--animation-corners .elementor-item:after{border-left-width:0;border-bottom-width:var(--galleries-pointer-border-width);border-right-width:var(--galleries-pointer-border-width);border-top-width:0}.elementor-gallery__titles-container .e--pointer-double-line .elementor-item:after,.elementor-gallery__titles-container .e--pointer-double-line .elementor-item:before,.elementor-gallery__titles-container .e--pointer-overline .elementor-item:before,.elementor-gallery__titles-container .e--pointer-underline .elementor-item:after{height:var(--galleries-pointer-border-width)}.elementor-gallery-title{--space-between:10px;cursor:pointer;color:#6d7882;font-weight:500;position:relative;padding:7px 14px;transition:all .3s}.elementor-gallery-title--active{color:#495157}.elementor-gallery-title:not(:last-child){margin-right:var(--space-between)}.elementor-gallery-item__title+.elementor-gallery-item__description{margin-top:var(--description-margin-top)}.e-gallery-item.elementor-gallery-item{transition-property:all}.e-gallery-item.elementor-animated-content .elementor-animated-item--enter-from-bottom,.e-gallery-item.elementor-animated-content .elementor-animated-item--enter-from-left,.e-gallery-item.elementor-animated-content .elementor-animated-item--enter-from-right,.e-gallery-item.elementor-animated-content .elementor-animated-item--enter-from-top,.e-gallery-item:focus .elementor-gallery__item-overlay-bg,.e-gallery-item:focus .elementor-gallery__item-overlay-content,.e-gallery-item:focus .elementor-gallery__item-overlay-content__description,.e-gallery-item:focus .elementor-gallery__item-overlay-content__title,.e-gallery-item:hover .elementor-gallery__item-overlay-bg,.e-gallery-item:hover .elementor-gallery__item-overlay-content,.e-gallery-item:hover .elementor-gallery__item-overlay-content__description,.e-gallery-item:hover .elementor-gallery__item-overlay-content__title{opacity:1}a.elementor-item.elementor-gallery-title{color:var(--galleries-title-color-normal)}a.elementor-item.elementor-gallery-title.elementor-item-active,a.elementor-item.elementor-gallery-title.highlighted,a.elementor-item.elementor-gallery-title:focus,a.elementor-item.elementor-gallery-title:hover{color:var(--galleries-title-color-hover)}a.elementor-item.elementor-gallery-title.elementor-item-active{color:var(--gallery-title-color-active)}.e-con-inner>.elementor-widget-gallery,.e-con>.elementor-widget-gallery{width:var(--container-widget-width);--flex-grow:var(--container-widget-flex-grow)}<\/style>\t\t<div class=\"elementor-gallery__container\">\n\t\t\t\t\t\t\t<a class=\"e-gallery-item elementor-gallery-item elementor-animated-content\" href=\"https:\/\/ilkimakcabelen.com\/de\/wp-content\/uploads\/2025\/08\/blg1.jpg\" data-elementor-open-lightbox=\"yes\" data-elementor-lightbox-slideshow=\"4b66bfd\" data-elementor-lightbox-title=\"blg1\" data-e-action-hash=\"#elementor-action%3Aaction%3Dlightbox%26settings%3DeyJpZCI6NjA2OCwidXJsIjoiaHR0cHM6XC9cL2lsa2ltYWtjYWJlbGVuLmNvbVwvZGVcL3dwLWNvbnRlbnRcL3VwbG9hZHNcLzIwMjVcLzA4XC9ibGcxLmpwZyIsInNsaWRlc2hvdyI6IjRiNjZiZmQifQ%3D%3D\">\n\t\t\t\t\t<div class=\"e-gallery-image elementor-gallery-item__image\" data-thumbnail=\"https:\/\/ilkimakcabelen.com\/de\/wp-content\/uploads\/2025\/08\/blg1-1024x761.jpg\" data-width=\"800\" data-height=\"595\" aria-label=\"\" role=\"img\" ><\/div>\n\t\t\t\t\t\t\t\t\t\t\t<div class=\"elementor-gallery-item__overlay\"><\/div>\n\t\t\t\t\t\t\t\t\t\t\t\t\t\t<\/a>\n\t\t\t\t\t\t\t<a class=\"e-gallery-item elementor-gallery-item elementor-animated-content\" href=\"https:\/\/ilkimakcabelen.com\/de\/wp-content\/uploads\/2025\/08\/blg2.jpg\" data-elementor-open-lightbox=\"yes\" data-elementor-lightbox-slideshow=\"4b66bfd\" data-elementor-lightbox-title=\"blg2\" data-e-action-hash=\"#elementor-action%3Aaction%3Dlightbox%26settings%3DeyJpZCI6NjA2OSwidXJsIjoiaHR0cHM6XC9cL2lsa2ltYWtjYWJlbGVuLmNvbVwvZGVcL3dwLWNvbnRlbnRcL3VwbG9hZHNcLzIwMjVcLzA4XC9ibGcyLmpwZyIsInNsaWRlc2hvdyI6IjRiNjZiZmQifQ%3D%3D\">\n\t\t\t\t\t<div class=\"e-gallery-image elementor-gallery-item__image\" data-thumbnail=\"https:\/\/ilkimakcabelen.com\/de\/wp-content\/uploads\/2025\/08\/blg2.jpg\" data-width=\"487\" data-height=\"721\" aria-label=\"\" role=\"img\" ><\/div>\n\t\t\t\t\t\t\t\t\t\t\t<div class=\"elementor-gallery-item__overlay\"><\/div>\n\t\t\t\t\t\t\t\t\t\t\t\t\t\t<\/a>\n\t\t\t\t\t\t\t<a class=\"e-gallery-item elementor-gallery-item elementor-animated-content\" href=\"https:\/\/ilkimakcabelen.com\/de\/wp-content\/uploads\/2025\/11\/dt-ilkim-srtf1.jpg\" data-elementor-open-lightbox=\"yes\" data-elementor-lightbox-slideshow=\"4b66bfd\" data-elementor-lightbox-title=\"dt-ilkim-srtf1\" data-e-action-hash=\"#elementor-action%3Aaction%3Dlightbox%26settings%3DeyJpZCI6NjM3NCwidXJsIjoiaHR0cHM6XC9cL2lsa2ltYWtjYWJlbGVuLmNvbVwvZGVcL3dwLWNvbnRlbnRcL3VwbG9hZHNcLzIwMjVcLzExXC9kdC1pbGtpbS1zcnRmMS5qcGciLCJzbGlkZXNob3ciOiI0YjY2YmZkIn0%3D\">\n\t\t\t\t\t<div class=\"e-gallery-image elementor-gallery-item__image\" data-thumbnail=\"https:\/\/ilkimakcabelen.com\/de\/wp-content\/uploads\/2025\/11\/dt-ilkim-srtf1.jpg\" data-width=\"800\" data-height=\"543\" aria-label=\"\" role=\"img\" ><\/div>\n\t\t\t\t\t\t\t\t\t\t\t<div class=\"elementor-gallery-item__overlay\"><\/div>\n\t\t\t\t\t\t\t\t\t\t\t\t\t\t<\/a>\n\t\t\t\t\t<\/div>\n\t\t\t<\/div>\n\t\t\t\t<\/div>\n\t\t\t\t\t<\/div>\n\t\t<\/div>\n\t\t\t\t\t\t\t<\/div>\n\t\t<\/section>\n\t\t\t\t\t\t\t<\/div>\n\t\t","protected":false},"excerpt":{"rendered":"<p>\u00dcber uns Zahnarzt Dt. \u0130lkim Akcabelen Dt. \u0130lkim Ak\u00e7abelen ist eine Zahn\u00e4rztin mit einer engagierten und erfolgreichen Karriere in der Zahnmedizin. Sie begann ihre Schullaufbahn an privaten \u015eahin-Schulen und absolvierte dann das Sakarya Cevat Ayhan Science High School. Hier entwickelte sich ihr Interesse an wissenschaftlichen und akademischen Bereichen weiter. Dt. Ak\u00e7abelen absolvierte ihre zahnmedizinische Ausbildung von 2017-2022 an der zahnmedizinischen Fakult\u00e4t der Universit\u00e4t Istanbul, die f\u00fcr ihr weltweit anerkanntes akademisches Personal und ihre fortschrittliche Forschung bekannt ist, und erwarb umfangreiche Kenntnisse und Erfahrungen in der Zahnmedizin. Dt. Ak\u00e7abelen legt Wert auf eine kontinuierliche berufliche Weiterentwicklung und verfolgt aufmerksam die neuesten Entwicklungen in der Zahnmedizin. Sie nimmt an internationalen Kongressen teil, u. a. am Osteology Symposium in Barcelona, um ihr Wissen zu vertiefen und ihre Perspektive zu erweitern. Neben ihrer beruflichen T\u00e4tigkeit legt Dr. Ak\u00e7abelen Wert auf ein ausgeglichenes Leben und interessiert sich f\u00fcr verschiedene Hobbys wie Tischtennis, Tennis, Malen und Keramik. Diese Aktivit\u00e4ten bieten sowohl Vergn\u00fcgen als auch einen Ausgleich zu ihrem arbeitsreichen Berufsleben. Dr. Ak\u00e7abelen setzt sich leidenschaftlich f\u00fcr die Verbesserung der Gesundheit und die Steigerung der Lebensqualit\u00e4t ihrer Patienten ein. Ak\u00e7abelen f\u00fchrt ihre Arbeit mit Disziplin, Hingabe und einem patientenorientierten Ansatz aus. Seine umfassende Erfahrung und sein Verst\u00e4ndnis von Spitzenleistungen in der Zahnmedizin erm\u00f6glichen es ihm, seinen Patienten einen erstklassigen Service zu bieten. Dt. Ak\u00e7abelen ist bestrebt, sich in seinem Beruf weiterzuentwickeln und seinen Patienten ein gesundes, strahlendes L\u00e4cheln zu schenken. Bescheinigungen und Schulungen<\/p>\n","protected":false},"author":1,"featured_media":0,"parent":0,"menu_order":0,"comment_status":"closed","ping_status":"closed","template":"","meta":{"footnotes":""},"aioseo_notices":[],"_links":{"self":[{"href":"https:\/\/ilkimakcabelen.com\/de\/wp-json\/wp\/v2\/pages\/2592"}],"collection":[{"href":"https:\/\/ilkimakcabelen.com\/de\/wp-json\/wp\/v2\/pages"}],"about":[{"href":"https:\/\/ilkimakcabelen.com\/de\/wp-json\/wp\/v2\/types\/page"}],"author":[{"embeddable":true,"href":"https:\/\/ilkimakcabelen.com\/de\/wp-json\/wp\/v2\/users\/1"}],"replies":[{"embeddable":true,"href":"https:\/\/ilkimakcabelen.com\/de\/wp-json\/wp\/v2\/comments?post=2592"}],"version-history":[{"count":54,"href":"https:\/\/ilkimakcabelen.com\/de\/wp-json\/wp\/v2\/pages\/2592\/revisions"}],"predecessor-version":[{"id":6377,"href":"https:\/\/ilkimakcabelen.com\/de\/wp-json\/wp\/v2\/pages\/2592\/revisions\/6377"}],"wp:attachment":[{"href":"https:\/\/ilkimakcabelen.com\/de\/wp-json\/wp\/v2\/media?parent=2592"}],"curies":[{"name":"wp","href":"https:\/\/api.w.org\/{rel}","templated":true}]}}