{"id":4968,"date":"2025-04-16T11:07:15","date_gmt":"2025-04-16T11:07:15","guid":{"rendered":"https:\/\/ilkimakcabelen.com\/de\/?page_id=4968"},"modified":"2025-09-01T09:45:02","modified_gmt":"2025-09-01T09:45:02","slug":"zahnaufhellung","status":"publish","type":"page","link":"https:\/\/ilkimakcabelen.com\/de\/behandlungen\/zahnaufhellung\/","title":{"rendered":"Zahnaufhellung"},"content":{"rendered":"\t\t<div data-elementor-type=\"wp-page\" data-elementor-id=\"4968\" class=\"elementor elementor-4968\" data-elementor-post-type=\"page\">\n\t\t\t\t\t\t\t<div class=\"elementor-element elementor-element-11ff722 e-flex e-con-boxed wpr-particle-no wpr-jarallax-no wpr-parallax-no wpr-sticky-section-no e-con e-parent\" data-id=\"11ff722\" data-element_type=\"container\" data-settings=\"{&quot;background_background&quot;:&quot;classic&quot;,&quot;content_width&quot;:&quot;boxed&quot;}\" data-core-v316-plus=\"true\">\n\t\t\t\t\t<div class=\"e-con-inner\">\n\t\t\t\t<div class=\"elementor-element elementor-element-07d50af elementor-widget__width-auto elementor-widget elementor-widget-html\" data-id=\"07d50af\" data-element_type=\"widget\" data-widget_type=\"html.default\">\n\t\t\t\t<div class=\"elementor-widget-container\">\n\t\t\t<div class=\"aioseo-breadcrumbs\"><span class=\"aioseo-breadcrumb\">\n\tHome\n<\/span><\/div>\t\t<\/div>\n\t\t\t\t<\/div>\n\t\t\t\t<div class=\"elementor-element elementor-element-8fc3bd9 elementor-widget elementor-widget-spacer\" data-id=\"8fc3bd9\" data-element_type=\"widget\" data-widget_type=\"spacer.default\">\n\t\t\t\t<div class=\"elementor-widget-container\">\n\t\t\t<style>\/*! elementor - v3.18.0 - 20-12-2023 *\/\n.elementor-column .elementor-spacer-inner{height:var(--spacer-size)}.e-con{--container-widget-width:100%}.e-con-inner>.elementor-widget-spacer,.e-con>.elementor-widget-spacer{width:var(--container-widget-width,var(--spacer-size));--align-self:var(--container-widget-align-self,initial);--flex-shrink:0}.e-con-inner>.elementor-widget-spacer>.elementor-widget-container,.e-con>.elementor-widget-spacer>.elementor-widget-container{height:100%;width:100%}.e-con-inner>.elementor-widget-spacer>.elementor-widget-container>.elementor-spacer,.e-con>.elementor-widget-spacer>.elementor-widget-container>.elementor-spacer{height:100%}.e-con-inner>.elementor-widget-spacer>.elementor-widget-container>.elementor-spacer>.elementor-spacer-inner,.e-con>.elementor-widget-spacer>.elementor-widget-container>.elementor-spacer>.elementor-spacer-inner{height:var(--container-widget-height,var(--spacer-size))}.e-con-inner>.elementor-widget-spacer.elementor-widget-empty,.e-con>.elementor-widget-spacer.elementor-widget-empty{position:relative;min-height:22px;min-width:22px}.e-con-inner>.elementor-widget-spacer.elementor-widget-empty .elementor-widget-empty-icon,.e-con>.elementor-widget-spacer.elementor-widget-empty .elementor-widget-empty-icon{position:absolute;top:0;bottom:0;left:0;right:0;margin:auto;padding:0;width:22px;height:22px}<\/style>\t\t<div class=\"elementor-spacer\">\n\t\t\t<div class=\"elementor-spacer-inner\"><\/div>\n\t\t<\/div>\n\t\t\t\t<\/div>\n\t\t\t\t<\/div>\n\t\t\t\t<div class=\"elementor-element elementor-element-7a4428c elementor-widget elementor-widget-heading\" data-id=\"7a4428c\" data-element_type=\"widget\" data-widget_type=\"heading.default\">\n\t\t\t\t<div class=\"elementor-widget-container\">\n\t\t\t<style>\/*! elementor - v3.18.0 - 20-12-2023 *\/\n.elementor-heading-title{padding:0;margin:0;line-height:1}.elementor-widget-heading .elementor-heading-title[class*=elementor-size-]>a{color:inherit;font-size:inherit;line-height:inherit}.elementor-widget-heading .elementor-heading-title.elementor-size-small{font-size:15px}.elementor-widget-heading .elementor-heading-title.elementor-size-medium{font-size:19px}.elementor-widget-heading .elementor-heading-title.elementor-size-large{font-size:29px}.elementor-widget-heading .elementor-heading-title.elementor-size-xl{font-size:39px}.elementor-widget-heading .elementor-heading-title.elementor-size-xxl{font-size:59px}<\/style><h1 class=\"elementor-heading-title elementor-size-default\">Zahnaufhellung<\/h1>\t\t<\/div>\n\t\t\t\t<\/div>\n\t\t\t\t<div class=\"elementor-element elementor-element-db979ca elementor-widget elementor-widget-spacer\" data-id=\"db979ca\" data-element_type=\"widget\" data-widget_type=\"spacer.default\">\n\t\t\t\t<div class=\"elementor-widget-container\">\n\t\t\t\t\t<div class=\"elementor-spacer\">\n\t\t\t<div class=\"elementor-spacer-inner\"><\/div>\n\t\t<\/div>\n\t\t\t\t<\/div>\n\t\t\t\t<\/div>\n\t\t\t\t<div class=\"elementor-element elementor-element-9398a61 elementor-widget elementor-widget-heading\" data-id=\"9398a61\" data-element_type=\"widget\" data-widget_type=\"heading.default\">\n\t\t\t\t<div class=\"elementor-widget-container\">\n\t\t\t<p class=\"elementor-heading-title elementor-size-default\">Die Zahnaufhellung ist eines der \u00e4sthetischen Verfahren, an denen die meisten Menschen interessiert sind. Obwohl sich jeder wei\u00dfe und sch\u00f6ne Z\u00e4hne und damit ein einzigartiges L\u00e4cheln w\u00fcnscht, ist dies nicht immer m\u00f6glich. Die Zahnaufhellung ist ein einfaches Verfahren, das in F\u00e4llen wie Verf\u00e4rbung und Wei\u00dfverlust der Z\u00e4hne im Laufe der Zeit angewendet wird und nur eine Sitzung mit dem Laser erfordert. Bei diesem Verfahren, das f\u00fcr einen sauberen Mund und ein gesundes L\u00e4cheln bevorzugt wird, werden die Z\u00e4hne zun\u00e4chst gereinigt und dann mit dem Laser aufgehellt. An dieser Stelle sei darauf hingewiesen, dass das Verfahren nur von einem Fachzahnarzt durchgef\u00fchrt werden kann.<\/p>\t\t<\/div>\n\t\t\t\t<\/div>\n\t\t\t\t\t<\/div>\n\t\t\t\t<\/div>\n\t\t<div class=\"elementor-element elementor-element-753a558 e-flex e-con-boxed wpr-particle-no wpr-jarallax-no wpr-parallax-no wpr-sticky-section-no e-con e-parent\" data-id=\"753a558\" data-element_type=\"container\" data-settings=\"{&quot;background_background&quot;:&quot;classic&quot;,&quot;content_width&quot;:&quot;boxed&quot;}\" data-core-v316-plus=\"true\">\n\t\t\t\t\t<div class=\"e-con-inner\">\n\t\t<div class=\"elementor-element elementor-element-4a2a52e e-con-full e-flex wpr-particle-no wpr-jarallax-no wpr-parallax-no wpr-sticky-section-no e-con e-child\" data-id=\"4a2a52e\" data-element_type=\"container\" data-settings=\"{&quot;content_width&quot;:&quot;full&quot;}\">\n\t\t\t\t<div class=\"elementor-element elementor-element-d554add elementor-widget elementor-widget-heading\" data-id=\"d554add\" data-element_type=\"widget\" data-widget_type=\"heading.default\">\n\t\t\t\t<div class=\"elementor-widget-container\">\n\t\t\t<h2 class=\"elementor-heading-title elementor-size-default\">Was ist Zahnaufhellung?<\/h2>\t\t<\/div>\n\t\t\t\t<\/div>\n\t\t\t\t<div class=\"elementor-element elementor-element-fbd45ec elementor-widget elementor-widget-spacer\" data-id=\"fbd45ec\" data-element_type=\"widget\" data-widget_type=\"spacer.default\">\n\t\t\t\t<div class=\"elementor-widget-container\">\n\t\t\t\t\t<div class=\"elementor-spacer\">\n\t\t\t<div class=\"elementor-spacer-inner\"><\/div>\n\t\t<\/div>\n\t\t\t\t<\/div>\n\t\t\t\t<\/div>\n\t\t\t\t<div class=\"elementor-element elementor-element-336e2c3 elementor-widget elementor-widget-text-editor\" data-id=\"336e2c3\" data-element_type=\"widget\" data-widget_type=\"text-editor.default\">\n\t\t\t\t<div class=\"elementor-widget-container\">\n\t\t\t<style>\/*! elementor - v3.18.0 - 20-12-2023 *\/\n.elementor-widget-text-editor.elementor-drop-cap-view-stacked .elementor-drop-cap{background-color:#69727d;color:#fff}.elementor-widget-text-editor.elementor-drop-cap-view-framed .elementor-drop-cap{color:#69727d;border:3px solid;background-color:transparent}.elementor-widget-text-editor:not(.elementor-drop-cap-view-default) .elementor-drop-cap{margin-top:8px}.elementor-widget-text-editor:not(.elementor-drop-cap-view-default) .elementor-drop-cap-letter{width:1em;height:1em}.elementor-widget-text-editor .elementor-drop-cap{float:left;text-align:center;line-height:1;font-size:50px}.elementor-widget-text-editor .elementor-drop-cap-letter{display:inline-block}<\/style>\t\t\t\t<p>Da die Farbe der Z\u00e4hne von Person zu Person unterschiedlich ist, kann die Zahnaufhellung 2-3 Sitzungen lang dauern. Nach der Laseraufhellung wird die Farbe der Z\u00e4hne dauerhaft wei\u00df. Um jedoch ein sauberes und wei\u00dfes Aussehen f\u00fcr eine lange Zeit nach der Zahnaufhellung zu erhalten, sollten Gewohnheiten, die die Zahngesundheit beeintr\u00e4chtigen, wie Rauchen, Tee oder Kaffee, reduziert oder ganz eingestellt werden. Der Konsum gro\u00dfer Mengen von Kaffee, Tee, Cola und Tabak wird nach der Zahnaufhellung nicht empfohlen, da sie Verf\u00e4rbungen verursachen.<\/p>\t\t\t\t\t\t<\/div>\n\t\t\t\t<\/div>\n\t\t\t\t<div class=\"elementor-element elementor-element-7996910 elementor-widget elementor-widget-spacer\" data-id=\"7996910\" data-element_type=\"widget\" data-widget_type=\"spacer.default\">\n\t\t\t\t<div class=\"elementor-widget-container\">\n\t\t\t\t\t<div class=\"elementor-spacer\">\n\t\t\t<div class=\"elementor-spacer-inner\"><\/div>\n\t\t<\/div>\n\t\t\t\t<\/div>\n\t\t\t\t<\/div>\n\t\t\t\t<div class=\"elementor-element elementor-element-0ec6eaa elementor-widget elementor-widget-heading\" data-id=\"0ec6eaa\" data-element_type=\"widget\" data-widget_type=\"heading.default\">\n\t\t\t\t<div class=\"elementor-widget-container\">\n\t\t\t<h2 class=\"elementor-heading-title elementor-size-default\">Bei wem kann die Zahnaufhellung angewendet werden?<\/h2>\t\t<\/div>\n\t\t\t\t<\/div>\n\t\t\t\t<div class=\"elementor-element elementor-element-238706d elementor-widget elementor-widget-spacer\" data-id=\"238706d\" data-element_type=\"widget\" data-widget_type=\"spacer.default\">\n\t\t\t\t<div class=\"elementor-widget-container\">\n\t\t\t\t\t<div class=\"elementor-spacer\">\n\t\t\t<div class=\"elementor-spacer-inner\"><\/div>\n\t\t<\/div>\n\t\t\t\t<\/div>\n\t\t\t\t<\/div>\n\t\t\t\t<div class=\"elementor-element elementor-element-2fea673 elementor-widget elementor-widget-text-editor\" data-id=\"2fea673\" data-element_type=\"widget\" data-widget_type=\"text-editor.default\">\n\t\t\t\t<div class=\"elementor-widget-container\">\n\t\t\t\t\t\t\t<p>Die Zahnaufhellung ist heute eine der h\u00e4ufigsten \u00e4sthetischen Behandlungen. Dunkle, gelbe, graue, braune oder verf\u00e4rbte Z\u00e4hne werden durch eine Untersuchung diagnostiziert und der Zahnarzt entscheidet, ob die Z\u00e4hne f\u00fcr eine Aufhellung geeignet sind. In einem gesunden Mund ist eine Zahnaufhellung m\u00fchelos m\u00f6glich. Es ist eine sichere und teilweise dauerhafte L\u00f6sung f\u00fcr ein wei\u00dferes und nat\u00fcrlicheres L\u00e4cheln.<\/p>\t\t\t\t\t\t<\/div>\n\t\t\t\t<\/div>\n\t\t\t\t<div class=\"elementor-element elementor-element-64dd882 elementor-widget elementor-widget-spacer\" data-id=\"64dd882\" data-element_type=\"widget\" data-widget_type=\"spacer.default\">\n\t\t\t\t<div class=\"elementor-widget-container\">\n\t\t\t\t\t<div class=\"elementor-spacer\">\n\t\t\t<div class=\"elementor-spacer-inner\"><\/div>\n\t\t<\/div>\n\t\t\t\t<\/div>\n\t\t\t\t<\/div>\n\t\t\t\t<div class=\"elementor-element elementor-element-b8ce3e1 elementor-widget elementor-widget-heading\" data-id=\"b8ce3e1\" data-element_type=\"widget\" data-widget_type=\"heading.default\">\n\t\t\t\t<div class=\"elementor-widget-container\">\n\t\t\t<h2 class=\"elementor-heading-title elementor-size-default\">Warum verf\u00e4rben sich die Z\u00e4hne?<\/h2>\t\t<\/div>\n\t\t\t\t<\/div>\n\t\t\t\t<div class=\"elementor-element elementor-element-4ad30bf elementor-widget elementor-widget-spacer\" data-id=\"4ad30bf\" data-element_type=\"widget\" data-widget_type=\"spacer.default\">\n\t\t\t\t<div class=\"elementor-widget-container\">\n\t\t\t\t\t<div class=\"elementor-spacer\">\n\t\t\t<div class=\"elementor-spacer-inner\"><\/div>\n\t\t<\/div>\n\t\t\t\t<\/div>\n\t\t\t\t<\/div>\n\t\t\t\t<div class=\"elementor-element elementor-element-c65770b elementor-widget elementor-widget-text-editor\" data-id=\"c65770b\" data-element_type=\"widget\" data-widget_type=\"text-editor.default\">\n\t\t\t\t<div class=\"elementor-widget-container\">\n\t\t\t\t\t\t\t<p>Die Farbe der Z\u00e4hne variiert von Mensch zu Mensch, abh\u00e4ngig von der Dichte der Proteinschicht im Inneren der Z\u00e4hne. Die h\u00e4ufigste Bedingung f\u00fcr Farbver\u00e4nderungen im Laufe des Lebens ist das Nachdunkeln der Zahnfarbe mit dem Alter. Der weit verbreitete Konsum von Substanzen, die die Z\u00e4hne verf\u00e4rben, wie Kaffee, Tee, Cola, Tabak, alter Zahnersatz, Kronen und F\u00fcllungen, kann ebenfalls zu Verf\u00e4rbungen f\u00fchren. Die Einnahme von Antibiotika wie Tetracyclin oder eine \u00fcberm\u00e4\u00dfige Fluoridzufuhr w\u00e4hrend der Zahnentwicklung k\u00f6nnen ebenfalls zu Zahnverf\u00e4rbungen f\u00fchren.<\/p>\t\t\t\t\t\t<\/div>\n\t\t\t\t<\/div>\n\t\t\t\t<\/div>\n\t\t<div class=\"elementor-element elementor-element-1932657 e-con-full e-flex wpr-particle-no wpr-jarallax-no wpr-parallax-no wpr-sticky-section-no e-con e-child\" data-id=\"1932657\" data-element_type=\"container\" data-settings=\"{&quot;content_width&quot;:&quot;full&quot;,&quot;background_background&quot;:&quot;classic&quot;}\">\n\t\t<div class=\"elementor-element elementor-element-e93accf e-con-full jkit-sticky-element--enabled e-flex wpr-particle-no wpr-jarallax-no wpr-parallax-no wpr-sticky-section-no jkit-sticky-element-on--down jkit-sticky-position--sticky e-con e-child\" data-id=\"e93accf\" data-element_type=\"container\" data-settings=\"{&quot;content_width&quot;:&quot;full&quot;,&quot;background_background&quot;:&quot;classic&quot;,&quot;jkit_sticky_device&quot;:&quot;desktop&quot;,&quot;jkit_sticky_top_position&quot;:{&quot;unit&quot;:&quot;px&quot;,&quot;size&quot;:0,&quot;sizes&quot;:[]}}\">\n\t\t\t\t<div class=\"elementor-element elementor-element-d14cc04 elementor-widget elementor-widget-heading\" data-id=\"d14cc04\" data-element_type=\"widget\" data-widget_type=\"heading.default\">\n\t\t\t\t<div class=\"elementor-widget-container\">\n\t\t\t<div class=\"elementor-heading-title elementor-size-default\">Frag den Arzt\n<\/div>\t\t<\/div>\n\t\t\t\t<\/div>\n\t\t\t\t<div class=\"elementor-element elementor-element-053ea07 elementor-widget elementor-widget-html\" data-id=\"053ea07\" data-element_type=\"widget\" data-widget_type=\"html.default\">\n\t\t\t\t<div class=\"elementor-widget-container\">\n\t\t\t<div id=\"zf_div_Xqw033AwlCVH0gDZbdctD5V9jhtaOtxAXHKGPc1T7xo\"><\/div><script type=\"text\/javascript\">(function() {\r\ntry{\r\nvar f = document.createElement(\"iframe\");\r\nf.src = 'https:\/\/forms.zohopublic.com\/mayclinik\/form\/ContactForm\/formperma\/Xqw033AwlCVH0gDZbdctD5V9jhtaOtxAXHKGPc1T7xo?zf_rszfm=1';\r\nf.style.border=\"none\";\r\nf.style.height=\"590px\";\r\nf.style.width=\"100%\";\r\nf.style.transition=\"all 0.5s ease\";\r\nvar d = document.getElementById(\"zf_div_Xqw033AwlCVH0gDZbdctD5V9jhtaOtxAXHKGPc1T7xo\");\r\nd.appendChild(f);\r\nwindow.addEventListener('message', function (){\r\nvar evntData = event.data;\r\nif( evntData && evntData.constructor == String ){\r\nvar zf_ifrm_data = evntData.split(\"|\");\r\nif ( zf_ifrm_data.length == 2 ) {\r\nvar zf_perma = zf_ifrm_data[0];\r\nvar zf_ifrm_ht_nw = ( parseInt(zf_ifrm_data[1], 10) + 15 ) + \"px\";\r\nvar iframe = document.getElementById(\"zf_div_Xqw033AwlCVH0gDZbdctD5V9jhtaOtxAXHKGPc1T7xo\").getElementsByTagName(\"iframe\")[0];\r\nif ( (iframe.src).indexOf('formperma') > 0 && (iframe.src).indexOf(zf_perma) > 0 ) {\r\nvar prevIframeHeight = iframe.style.height;\r\nif ( prevIframeHeight != zf_ifrm_ht_nw ) {\r\niframe.style.height = zf_ifrm_ht_nw;\r\n}\r\n}\r\n}\r\n}\r\n}, false);\r\n}catch(e){}\r\n})();<\/script>\t\t<\/div>\n\t\t\t\t<\/div>\n\t\t\t\t<\/div>\n\t\t\t\t<\/div>\n\t\t\t\t\t<\/div>\n\t\t\t\t<\/div>\n\t\t\t\t\t\t\t<\/div>\n\t\t","protected":false},"excerpt":{"rendered":"<p>Zahnaufhellung Die Zahnaufhellung ist eines der \u00e4sthetischen Verfahren, an denen die meisten Menschen interessiert sind. Obwohl sich jeder wei\u00dfe und sch\u00f6ne Z\u00e4hne und damit ein einzigartiges L\u00e4cheln w\u00fcnscht, ist dies nicht immer m\u00f6glich. Die Zahnaufhellung ist ein einfaches Verfahren, das in F\u00e4llen wie Verf\u00e4rbung und Wei\u00dfverlust der Z\u00e4hne im Laufe der Zeit angewendet wird und nur eine Sitzung mit dem Laser erfordert. Bei diesem Verfahren, das f\u00fcr einen sauberen Mund und ein gesundes L\u00e4cheln bevorzugt wird, werden die Z\u00e4hne zun\u00e4chst gereinigt und dann mit dem Laser aufgehellt. An dieser Stelle sei darauf hingewiesen, dass das Verfahren nur von einem Fachzahnarzt durchgef\u00fchrt werden kann. Was ist Zahnaufhellung? Da die Farbe der Z\u00e4hne von Person zu Person unterschiedlich ist, kann die Zahnaufhellung 2-3 Sitzungen lang dauern. Nach der Laseraufhellung wird die Farbe der Z\u00e4hne dauerhaft wei\u00df. Um jedoch ein sauberes und wei\u00dfes Aussehen f\u00fcr eine lange Zeit nach der Zahnaufhellung zu erhalten, sollten Gewohnheiten, die die Zahngesundheit beeintr\u00e4chtigen, wie Rauchen, Tee oder Kaffee, reduziert oder ganz eingestellt werden. Der Konsum gro\u00dfer Mengen von Kaffee, Tee, Cola und Tabak wird nach der Zahnaufhellung nicht empfohlen, da sie Verf\u00e4rbungen verursachen. Bei wem kann die Zahnaufhellung angewendet werden? Die Zahnaufhellung ist heute eine der h\u00e4ufigsten \u00e4sthetischen Behandlungen. Dunkle, gelbe, graue, braune oder verf\u00e4rbte Z\u00e4hne werden durch eine Untersuchung diagnostiziert und der Zahnarzt entscheidet, ob die Z\u00e4hne f\u00fcr eine Aufhellung geeignet sind. In einem gesunden Mund ist eine Zahnaufhellung m\u00fchelos m\u00f6glich. Es ist eine sichere und teilweise dauerhafte L\u00f6sung f\u00fcr ein wei\u00dferes und nat\u00fcrlicheres L\u00e4cheln. Warum verf\u00e4rben sich die Z\u00e4hne? Die Farbe der Z\u00e4hne variiert von Mensch zu Mensch, abh\u00e4ngig von der Dichte der Proteinschicht im Inneren der Z\u00e4hne. Die h\u00e4ufigste Bedingung f\u00fcr Farbver\u00e4nderungen im Laufe des Lebens ist das Nachdunkeln der Zahnfarbe mit dem Alter. Der weit verbreitete Konsum von Substanzen, die die Z\u00e4hne verf\u00e4rben, wie Kaffee, Tee, Cola, Tabak, alter Zahnersatz, Kronen und F\u00fcllungen, kann ebenfalls zu Verf\u00e4rbungen f\u00fchren. Die Einnahme von Antibiotika wie Tetracyclin oder eine \u00fcberm\u00e4\u00dfige Fluoridzufuhr w\u00e4hrend der Zahnentwicklung k\u00f6nnen ebenfalls zu Zahnverf\u00e4rbungen f\u00fchren. Frag den Arzt<\/p>\n","protected":false},"author":1,"featured_media":0,"parent":5184,"menu_order":0,"comment_status":"closed","ping_status":"closed","template":"","meta":{"footnotes":""},"aioseo_notices":[],"_links":{"self":[{"href":"https:\/\/ilkimakcabelen.com\/de\/wp-json\/wp\/v2\/pages\/4968"}],"collection":[{"href":"https:\/\/ilkimakcabelen.com\/de\/wp-json\/wp\/v2\/pages"}],"about":[{"href":"https:\/\/ilkimakcabelen.com\/de\/wp-json\/wp\/v2\/types\/page"}],"author":[{"embeddable":true,"href":"https:\/\/ilkimakcabelen.com\/de\/wp-json\/wp\/v2\/users\/1"}],"replies":[{"embeddable":true,"href":"https:\/\/ilkimakcabelen.com\/de\/wp-json\/wp\/v2\/comments?post=4968"}],"version-history":[{"count":46,"href":"https:\/\/ilkimakcabelen.com\/de\/wp-json\/wp\/v2\/pages\/4968\/revisions"}],"predecessor-version":[{"id":6324,"href":"https:\/\/ilkimakcabelen.com\/de\/wp-json\/wp\/v2\/pages\/4968\/revisions\/6324"}],"up":[{"embeddable":true,"href":"https:\/\/ilkimakcabelen.com\/de\/wp-json\/wp\/v2\/pages\/5184"}],"wp:attachment":[{"href":"https:\/\/ilkimakcabelen.com\/de\/wp-json\/wp\/v2\/media?parent=4968"}],"curies":[{"name":"wp","href":"https:\/\/api.w.org\/{rel}","templated":true}]}}