{"id":6017,"date":"2025-08-19T20:59:26","date_gmt":"2025-08-19T20:59:26","guid":{"rendered":"https:\/\/ilkimakcabelen.com\/de\/?page_id=6017"},"modified":"2025-09-01T09:19:38","modified_gmt":"2025-09-01T09:19:38","slug":"implantat-behandlung","status":"publish","type":"page","link":"https:\/\/ilkimakcabelen.com\/de\/behandlungen\/implantat-behandlung\/","title":{"rendered":"Implantat Behandlung"},"content":{"rendered":"\t\t<div data-elementor-type=\"wp-page\" data-elementor-id=\"6017\" class=\"elementor elementor-6017\" data-elementor-post-type=\"page\">\n\t\t\t\t\t\t\t<div class=\"elementor-element elementor-element-11ff722 e-flex e-con-boxed wpr-particle-no wpr-jarallax-no wpr-parallax-no wpr-sticky-section-no e-con e-parent\" data-id=\"11ff722\" data-element_type=\"container\" data-settings=\"{&quot;background_background&quot;:&quot;classic&quot;,&quot;content_width&quot;:&quot;boxed&quot;}\" data-core-v316-plus=\"true\">\n\t\t\t\t\t<div class=\"e-con-inner\">\n\t\t\t\t<div class=\"elementor-element elementor-element-07d50af elementor-widget__width-auto elementor-widget elementor-widget-html\" data-id=\"07d50af\" data-element_type=\"widget\" data-widget_type=\"html.default\">\n\t\t\t\t<div class=\"elementor-widget-container\">\n\t\t\t<div class=\"aioseo-breadcrumbs\"><span class=\"aioseo-breadcrumb\">\n\tHome\n<\/span><\/div>\t\t<\/div>\n\t\t\t\t<\/div>\n\t\t\t\t<div class=\"elementor-element elementor-element-8fc3bd9 elementor-widget elementor-widget-spacer\" data-id=\"8fc3bd9\" data-element_type=\"widget\" data-widget_type=\"spacer.default\">\n\t\t\t\t<div class=\"elementor-widget-container\">\n\t\t\t<style>\/*! elementor - v3.18.0 - 20-12-2023 *\/\n.elementor-column .elementor-spacer-inner{height:var(--spacer-size)}.e-con{--container-widget-width:100%}.e-con-inner>.elementor-widget-spacer,.e-con>.elementor-widget-spacer{width:var(--container-widget-width,var(--spacer-size));--align-self:var(--container-widget-align-self,initial);--flex-shrink:0}.e-con-inner>.elementor-widget-spacer>.elementor-widget-container,.e-con>.elementor-widget-spacer>.elementor-widget-container{height:100%;width:100%}.e-con-inner>.elementor-widget-spacer>.elementor-widget-container>.elementor-spacer,.e-con>.elementor-widget-spacer>.elementor-widget-container>.elementor-spacer{height:100%}.e-con-inner>.elementor-widget-spacer>.elementor-widget-container>.elementor-spacer>.elementor-spacer-inner,.e-con>.elementor-widget-spacer>.elementor-widget-container>.elementor-spacer>.elementor-spacer-inner{height:var(--container-widget-height,var(--spacer-size))}.e-con-inner>.elementor-widget-spacer.elementor-widget-empty,.e-con>.elementor-widget-spacer.elementor-widget-empty{position:relative;min-height:22px;min-width:22px}.e-con-inner>.elementor-widget-spacer.elementor-widget-empty .elementor-widget-empty-icon,.e-con>.elementor-widget-spacer.elementor-widget-empty .elementor-widget-empty-icon{position:absolute;top:0;bottom:0;left:0;right:0;margin:auto;padding:0;width:22px;height:22px}<\/style>\t\t<div class=\"elementor-spacer\">\n\t\t\t<div class=\"elementor-spacer-inner\"><\/div>\n\t\t<\/div>\n\t\t\t\t<\/div>\n\t\t\t\t<\/div>\n\t\t\t\t<div class=\"elementor-element elementor-element-7a4428c elementor-widget elementor-widget-heading\" data-id=\"7a4428c\" data-element_type=\"widget\" data-widget_type=\"heading.default\">\n\t\t\t\t<div class=\"elementor-widget-container\">\n\t\t\t<style>\/*! elementor - v3.18.0 - 20-12-2023 *\/\n.elementor-heading-title{padding:0;margin:0;line-height:1}.elementor-widget-heading .elementor-heading-title[class*=elementor-size-]>a{color:inherit;font-size:inherit;line-height:inherit}.elementor-widget-heading .elementor-heading-title.elementor-size-small{font-size:15px}.elementor-widget-heading .elementor-heading-title.elementor-size-medium{font-size:19px}.elementor-widget-heading .elementor-heading-title.elementor-size-large{font-size:29px}.elementor-widget-heading .elementor-heading-title.elementor-size-xl{font-size:39px}.elementor-widget-heading .elementor-heading-title.elementor-size-xxl{font-size:59px}<\/style><h1 class=\"elementor-heading-title elementor-size-default\">Implantat Behandlung<\/h1>\t\t<\/div>\n\t\t\t\t<\/div>\n\t\t\t\t<div class=\"elementor-element elementor-element-db979ca elementor-widget elementor-widget-spacer\" data-id=\"db979ca\" data-element_type=\"widget\" data-widget_type=\"spacer.default\">\n\t\t\t\t<div class=\"elementor-widget-container\">\n\t\t\t\t\t<div class=\"elementor-spacer\">\n\t\t\t<div class=\"elementor-spacer-inner\"><\/div>\n\t\t<\/div>\n\t\t\t\t<\/div>\n\t\t\t\t<\/div>\n\t\t\t\t<div class=\"elementor-element elementor-element-9398a61 elementor-widget elementor-widget-heading\" data-id=\"9398a61\" data-element_type=\"widget\" data-widget_type=\"heading.default\">\n\t\t\t\t<div class=\"elementor-widget-container\">\n\t\t\t<p class=\"elementor-heading-title elementor-size-default\">Ein Zahnimplantat bietet eine solide Grundlage f\u00fcr festsitzenden und dauerhaften oder herausnehmbaren Zahnersatz, der Ihren nat\u00fcrlichen Z\u00e4hnen nachempfunden ist. Mit anderen Worten: Ein Zahnimplantat ist eine k\u00fcnstliche Zahnwurzel, die k\u00fcnstlich in Ihren Mund eingesetzt wird, um einen Zahnersatz wie eine Prothese oder Br\u00fccke zu tragen. Es handelt sich um Schrauben aus gewebefreundlichem Titan, die in den Kiefer eingesetzt werden und wie die Wurzeln des fehlenden Zahns wirken.<\/p>\t\t<\/div>\n\t\t\t\t<\/div>\n\t\t\t\t\t<\/div>\n\t\t\t\t<\/div>\n\t\t<div class=\"elementor-element elementor-element-753a558 e-flex e-con-boxed wpr-particle-no wpr-jarallax-no wpr-parallax-no wpr-sticky-section-no e-con e-parent\" data-id=\"753a558\" data-element_type=\"container\" data-settings=\"{&quot;background_background&quot;:&quot;classic&quot;,&quot;content_width&quot;:&quot;boxed&quot;}\" data-core-v316-plus=\"true\">\n\t\t\t\t\t<div class=\"e-con-inner\">\n\t\t<div class=\"elementor-element elementor-element-4a2a52e e-con-full e-flex wpr-particle-no wpr-jarallax-no wpr-parallax-no wpr-sticky-section-no e-con e-child\" data-id=\"4a2a52e\" data-element_type=\"container\" data-settings=\"{&quot;content_width&quot;:&quot;full&quot;}\">\n\t\t\t\t<div class=\"elementor-element elementor-element-d554add elementor-widget elementor-widget-heading\" data-id=\"d554add\" data-element_type=\"widget\" data-widget_type=\"heading.default\">\n\t\t\t\t<div class=\"elementor-widget-container\">\n\t\t\t<h2 class=\"elementor-heading-title elementor-size-default\">Ist eine Implantatbehandlung f\u00fcr jeden geeignet?<\/h2>\t\t<\/div>\n\t\t\t\t<\/div>\n\t\t\t\t<div class=\"elementor-element elementor-element-fbd45ec elementor-widget elementor-widget-spacer\" data-id=\"fbd45ec\" data-element_type=\"widget\" data-widget_type=\"spacer.default\">\n\t\t\t\t<div class=\"elementor-widget-container\">\n\t\t\t\t\t<div class=\"elementor-spacer\">\n\t\t\t<div class=\"elementor-spacer-inner\"><\/div>\n\t\t<\/div>\n\t\t\t\t<\/div>\n\t\t\t\t<\/div>\n\t\t\t\t<div class=\"elementor-element elementor-element-336e2c3 elementor-widget elementor-widget-text-editor\" data-id=\"336e2c3\" data-element_type=\"widget\" data-widget_type=\"text-editor.default\">\n\t\t\t\t<div class=\"elementor-widget-container\">\n\t\t\t<style>\/*! elementor - v3.18.0 - 20-12-2023 *\/\n.elementor-widget-text-editor.elementor-drop-cap-view-stacked .elementor-drop-cap{background-color:#69727d;color:#fff}.elementor-widget-text-editor.elementor-drop-cap-view-framed .elementor-drop-cap{color:#69727d;border:3px solid;background-color:transparent}.elementor-widget-text-editor:not(.elementor-drop-cap-view-default) .elementor-drop-cap{margin-top:8px}.elementor-widget-text-editor:not(.elementor-drop-cap-view-default) .elementor-drop-cap-letter{width:1em;height:1em}.elementor-widget-text-editor .elementor-drop-cap{float:left;text-align:center;line-height:1;font-size:50px}.elementor-widget-text-editor .elementor-drop-cap-letter{display:inline-block}<\/style>\t\t\t\t<p>Jeder, der gesund genug f\u00fcr eine routinem\u00e4\u00dfige Zahnextraktion oder einen oralchirurgischen Eingriff ist, kann in der Regel als Kandidat f\u00fcr Zahnimplantate angesehen werden. Es ist wichtig, dass Sie \u00fcber glatte Knochen und gesundes Zahnfleisch verf\u00fcgen. Die Patienten sollten sich nach der Implantation zu einer guten Mundhygiene verpflichten und regelm\u00e4\u00dfig den Zahnarzt aufsuchen. Starkes Rauchen, Diabetes oder eine Herzerkrankung, eine Strahlentherapie im Kopf-\/Halsbereich, die Implantation sollte individuell abgewogen werden.<\/p>\t\t\t\t\t\t<\/div>\n\t\t\t\t<\/div>\n\t\t\t\t<div class=\"elementor-element elementor-element-7996910 elementor-widget elementor-widget-spacer\" data-id=\"7996910\" data-element_type=\"widget\" data-widget_type=\"spacer.default\">\n\t\t\t\t<div class=\"elementor-widget-container\">\n\t\t\t\t\t<div class=\"elementor-spacer\">\n\t\t\t<div class=\"elementor-spacer-inner\"><\/div>\n\t\t<\/div>\n\t\t\t\t<\/div>\n\t\t\t\t<\/div>\n\t\t\t\t<div class=\"elementor-element elementor-element-0ec6eaa elementor-widget elementor-widget-heading\" data-id=\"0ec6eaa\" data-element_type=\"widget\" data-widget_type=\"heading.default\">\n\t\t\t\t<div class=\"elementor-widget-container\">\n\t\t\t<h2 class=\"elementor-heading-title elementor-size-default\">Wie hoch ist die Erfolgsquote einer Implantatbehandlung?<\/h2>\t\t<\/div>\n\t\t\t\t<\/div>\n\t\t\t\t<div class=\"elementor-element elementor-element-238706d elementor-widget elementor-widget-spacer\" data-id=\"238706d\" data-element_type=\"widget\" data-widget_type=\"spacer.default\">\n\t\t\t\t<div class=\"elementor-widget-container\">\n\t\t\t\t\t<div class=\"elementor-spacer\">\n\t\t\t<div class=\"elementor-spacer-inner\"><\/div>\n\t\t<\/div>\n\t\t\t\t<\/div>\n\t\t\t\t<\/div>\n\t\t\t\t<div class=\"elementor-element elementor-element-2fea673 elementor-widget elementor-widget-text-editor\" data-id=\"2fea673\" data-element_type=\"widget\" data-widget_type=\"text-editor.default\">\n\t\t\t\t<div class=\"elementor-widget-container\">\n\t\t\t\t\t\t\t<p>Obwohl die Erfolgsquote von Zahnimplantaten je nach der Stelle, an der sie in den Kiefer eingesetzt werden, variiert, ist bekannt, dass diese Behandlung eine der erfolgreichsten ist. Bei richtiger Pflege ist es m\u00f6glich, Implantate ein Leben lang zu verwenden.<\/p>\t\t\t\t\t\t<\/div>\n\t\t\t\t<\/div>\n\t\t\t\t<div class=\"elementor-element elementor-element-64dd882 elementor-widget elementor-widget-spacer\" data-id=\"64dd882\" data-element_type=\"widget\" data-widget_type=\"spacer.default\">\n\t\t\t\t<div class=\"elementor-widget-container\">\n\t\t\t\t\t<div class=\"elementor-spacer\">\n\t\t\t<div class=\"elementor-spacer-inner\"><\/div>\n\t\t<\/div>\n\t\t\t\t<\/div>\n\t\t\t\t<\/div>\n\t\t\t\t<div class=\"elementor-element elementor-element-b8ce3e1 elementor-widget elementor-widget-heading\" data-id=\"b8ce3e1\" data-element_type=\"widget\" data-widget_type=\"heading.default\">\n\t\t\t\t<div class=\"elementor-widget-container\">\n\t\t\t<h2 class=\"elementor-heading-title elementor-size-default\">Vorteile eines Zahnimplantats<\/h2>\t\t<\/div>\n\t\t\t\t<\/div>\n\t\t\t\t<div class=\"elementor-element elementor-element-4ad30bf elementor-widget elementor-widget-spacer\" data-id=\"4ad30bf\" data-element_type=\"widget\" data-widget_type=\"spacer.default\">\n\t\t\t\t<div class=\"elementor-widget-container\">\n\t\t\t\t\t<div class=\"elementor-spacer\">\n\t\t\t<div class=\"elementor-spacer-inner\"><\/div>\n\t\t<\/div>\n\t\t\t\t<\/div>\n\t\t\t\t<\/div>\n\t\t\t\t<div class=\"elementor-element elementor-element-c65770b elementor-widget elementor-widget-text-editor\" data-id=\"c65770b\" data-element_type=\"widget\" data-widget_type=\"text-editor.default\">\n\t\t\t\t<div class=\"elementor-widget-container\">\n\t\t\t\t\t\t\t<p>Zahnimplantate sehen aus und f\u00fchlen sich an wie Ihre eigenen Z\u00e4hne. Sie sind auch dauerhaft, da sie mit dem Knochen verwachsen. Der einzige Unterschied in Aussehen und Gef\u00fchl zwischen Zahnimplantaten und echten Z\u00e4hnen besteht darin, dass es keine echten Z\u00e4hne sind. Diese Behandlung, die mit verschiedenen Techniken durchgef\u00fchrt wird und viele Vorteile hat, kann als Antwort auf die Frage gegeben werden, was ein Zahnimplantat ist.<\/p>\n<ul>\n<li>Dar\u00fcber hinaus verhindern Zahnimplantate, dass Sie Schwierigkeiten beim Sprechen haben. Bei ungeeigneten Prothesen k\u00f6nnen die Z\u00e4hne im Mund verrutschen und eine falsche Aussprache verursachen. Mit Zahnimplantaten k\u00f6nnen Sie sprechen, ohne sich Gedanken \u00fcber das Verrutschen Ihrer Z\u00e4hne machen zu m\u00fcssen.<\/li>\n<li>Die Zahnwurzeln sind mit dem Kiefer verbunden wie die Wurzeln eines Baumes. Wenn ein Zahn verloren geht, bleibt eine Wurzelh\u00f6hle zur\u00fcck, die mit einem Implantat wiederhergestellt werden kann.<\/li>\n<li>Herk\u00f6mmliche Prothesen verrutschen oft, was die Freude am Kauen erschwert. Zahnimplantate funktionieren genau wie Ihre nat\u00fcrlichen Z\u00e4hne, so dass Sie Ihre Lieblingsspeisen ohne zus\u00e4tzliche Anstrengung oder Schmerzen genie\u00dfen k\u00f6nnen. Sie bieten eine bessere Bisskraft als herk\u00f6mmliche Prothesen.<\/li>\n<li>Zahnimplantate beseitigen die Probleme mit dem Selbstvertrauen, die Sie beim L\u00e4cheln haben, vollst\u00e4ndig und sorgen daf\u00fcr, dass Sie sich viel wohler f\u00fchlen.<\/li>\n<li>Bei der Behandlung mit Zahnimplantaten ist es nicht notwendig, die Form der Nachbarz\u00e4hne zu reduzieren\/zu ver\u00e4ndern, wie es bei Br\u00fccken der Fall ist. Da die Nachbarz\u00e4hne nicht ersetzt werden, um das Implantat zu st\u00fctzen, bleiben Ihre eigenen Z\u00e4hne lange Zeit gesund im Mund. Mit Implantaten k\u00f6nnen neue Z\u00e4hne erhalten werden, ohne dass die Nachbarz\u00e4hne besch\u00e4digt werden, und es wird eine St\u00fctze auf sie gesetzt, die als nat\u00fcrlicher Rahmen f\u00fcr den Zahn dient. Implantate verbessern auch die Mundhygiene und erm\u00f6glichen einen einfachen Zugang zwischen den Z\u00e4hnen.<\/li>\n<li>Implantate k\u00f6nnen lange Zeit oder sogar ein Leben lang verwendet werden, wenn die Regeln der Mundhygiene eingehalten werden.<\/li>\n<\/ul>\t\t\t\t\t\t<\/div>\n\t\t\t\t<\/div>\n\t\t\t\t<\/div>\n\t\t<div class=\"elementor-element elementor-element-1932657 e-con-full e-flex wpr-particle-no wpr-jarallax-no wpr-parallax-no wpr-sticky-section-no e-con e-child\" data-id=\"1932657\" data-element_type=\"container\" data-settings=\"{&quot;content_width&quot;:&quot;full&quot;,&quot;background_background&quot;:&quot;classic&quot;}\">\n\t\t<div class=\"elementor-element elementor-element-e93accf e-con-full jkit-sticky-element--enabled e-flex wpr-particle-no wpr-jarallax-no wpr-parallax-no wpr-sticky-section-no jkit-sticky-element-on--down jkit-sticky-position--sticky e-con e-child\" data-id=\"e93accf\" data-element_type=\"container\" data-settings=\"{&quot;content_width&quot;:&quot;full&quot;,&quot;background_background&quot;:&quot;classic&quot;,&quot;jkit_sticky_device&quot;:&quot;desktop&quot;,&quot;jkit_sticky_top_position&quot;:{&quot;unit&quot;:&quot;px&quot;,&quot;size&quot;:0,&quot;sizes&quot;:[]}}\">\n\t\t\t\t<div class=\"elementor-element elementor-element-d14cc04 elementor-widget elementor-widget-heading\" data-id=\"d14cc04\" data-element_type=\"widget\" data-widget_type=\"heading.default\">\n\t\t\t\t<div class=\"elementor-widget-container\">\n\t\t\t<div class=\"elementor-heading-title elementor-size-default\">Frag den Arzt<\/div>\t\t<\/div>\n\t\t\t\t<\/div>\n\t\t\t\t<div class=\"elementor-element elementor-element-053ea07 elementor-widget elementor-widget-html\" data-id=\"053ea07\" data-element_type=\"widget\" data-widget_type=\"html.default\">\n\t\t\t\t<div class=\"elementor-widget-container\">\n\t\t\t<div id=\"zf_div_Xqw033AwlCVH0gDZbdctD5V9jhtaOtxAXHKGPc1T7xo\"><\/div><script type=\"text\/javascript\">(function() {\r\ntry{\r\nvar f = document.createElement(\"iframe\");\r\nf.src = 'https:\/\/forms.zohopublic.com\/mayclinik\/form\/ContactForm\/formperma\/Xqw033AwlCVH0gDZbdctD5V9jhtaOtxAXHKGPc1T7xo?zf_rszfm=1';\r\nf.style.border=\"none\";\r\nf.style.height=\"590px\";\r\nf.style.width=\"100%\";\r\nf.style.transition=\"all 0.5s ease\";\r\nvar d = document.getElementById(\"zf_div_Xqw033AwlCVH0gDZbdctD5V9jhtaOtxAXHKGPc1T7xo\");\r\nd.appendChild(f);\r\nwindow.addEventListener('message', function (){\r\nvar evntData = event.data;\r\nif( evntData && evntData.constructor == String ){\r\nvar zf_ifrm_data = evntData.split(\"|\");\r\nif ( zf_ifrm_data.length == 2 ) {\r\nvar zf_perma = zf_ifrm_data[0];\r\nvar zf_ifrm_ht_nw = ( parseInt(zf_ifrm_data[1], 10) + 15 ) + \"px\";\r\nvar iframe = document.getElementById(\"zf_div_Xqw033AwlCVH0gDZbdctD5V9jhtaOtxAXHKGPc1T7xo\").getElementsByTagName(\"iframe\")[0];\r\nif ( (iframe.src).indexOf('formperma') > 0 && (iframe.src).indexOf(zf_perma) > 0 ) {\r\nvar prevIframeHeight = iframe.style.height;\r\nif ( prevIframeHeight != zf_ifrm_ht_nw ) {\r\niframe.style.height = zf_ifrm_ht_nw;\r\n}\r\n}\r\n}\r\n}\r\n}, false);\r\n}catch(e){}\r\n})();<\/script>\t\t<\/div>\n\t\t\t\t<\/div>\n\t\t\t\t<\/div>\n\t\t\t\t<\/div>\n\t\t\t\t\t<\/div>\n\t\t\t\t<\/div>\n\t\t\t\t\t\t\t<\/div>\n\t\t","protected":false},"excerpt":{"rendered":"<p>Implantat Behandlung Ein Zahnimplantat bietet eine solide Grundlage f\u00fcr festsitzenden und dauerhaften oder herausnehmbaren Zahnersatz, der Ihren nat\u00fcrlichen Z\u00e4hnen nachempfunden ist. Mit anderen Worten: Ein Zahnimplantat ist eine k\u00fcnstliche Zahnwurzel, die k\u00fcnstlich in Ihren Mund eingesetzt wird, um einen Zahnersatz wie eine Prothese oder Br\u00fccke zu tragen. Es handelt sich um Schrauben aus gewebefreundlichem Titan, die in den Kiefer eingesetzt werden und wie die Wurzeln des fehlenden Zahns wirken. Ist eine Implantatbehandlung f\u00fcr jeden geeignet? Jeder, der gesund genug f\u00fcr eine routinem\u00e4\u00dfige Zahnextraktion oder einen oralchirurgischen Eingriff ist, kann in der Regel als Kandidat f\u00fcr Zahnimplantate angesehen werden. Es ist wichtig, dass Sie \u00fcber glatte Knochen und gesundes Zahnfleisch verf\u00fcgen. Die Patienten sollten sich nach der Implantation zu einer guten Mundhygiene verpflichten und regelm\u00e4\u00dfig den Zahnarzt aufsuchen. Starkes Rauchen, Diabetes oder eine Herzerkrankung, eine Strahlentherapie im Kopf-\/Halsbereich, die Implantation sollte individuell abgewogen werden. Wie hoch ist die Erfolgsquote einer Implantatbehandlung? Obwohl die Erfolgsquote von Zahnimplantaten je nach der Stelle, an der sie in den Kiefer eingesetzt werden, variiert, ist bekannt, dass diese Behandlung eine der erfolgreichsten ist. Bei richtiger Pflege ist es m\u00f6glich, Implantate ein Leben lang zu verwenden. Vorteile eines Zahnimplantats Zahnimplantate sehen aus und f\u00fchlen sich an wie Ihre eigenen Z\u00e4hne. Sie sind auch dauerhaft, da sie mit dem Knochen verwachsen. Der einzige Unterschied in Aussehen und Gef\u00fchl zwischen Zahnimplantaten und echten Z\u00e4hnen besteht darin, dass es keine echten Z\u00e4hne sind. Diese Behandlung, die mit verschiedenen Techniken durchgef\u00fchrt wird und viele Vorteile hat, kann als Antwort auf die Frage gegeben werden, was ein Zahnimplantat ist. Dar\u00fcber hinaus verhindern Zahnimplantate, dass Sie Schwierigkeiten beim Sprechen haben. Bei ungeeigneten Prothesen k\u00f6nnen die Z\u00e4hne im Mund verrutschen und eine falsche Aussprache verursachen. Mit Zahnimplantaten k\u00f6nnen Sie sprechen, ohne sich Gedanken \u00fcber das Verrutschen Ihrer Z\u00e4hne machen zu m\u00fcssen. Die Zahnwurzeln sind mit dem Kiefer verbunden wie die Wurzeln eines Baumes. Wenn ein Zahn verloren geht, bleibt eine Wurzelh\u00f6hle zur\u00fcck, die mit einem Implantat wiederhergestellt werden kann. Herk\u00f6mmliche Prothesen verrutschen oft, was die Freude am Kauen erschwert. Zahnimplantate funktionieren genau wie Ihre nat\u00fcrlichen Z\u00e4hne, so dass Sie Ihre Lieblingsspeisen ohne zus\u00e4tzliche Anstrengung oder Schmerzen genie\u00dfen k\u00f6nnen. Sie bieten eine bessere Bisskraft als herk\u00f6mmliche Prothesen. Zahnimplantate beseitigen die Probleme mit dem Selbstvertrauen, die Sie beim L\u00e4cheln haben, vollst\u00e4ndig und sorgen daf\u00fcr, dass Sie sich viel wohler f\u00fchlen. Bei der Behandlung mit Zahnimplantaten ist es nicht notwendig, die Form der Nachbarz\u00e4hne zu reduzieren\/zu ver\u00e4ndern, wie es bei Br\u00fccken der Fall ist. Da die Nachbarz\u00e4hne nicht ersetzt werden, um das Implantat zu st\u00fctzen, bleiben Ihre eigenen Z\u00e4hne lange Zeit gesund im Mund. Mit Implantaten k\u00f6nnen neue Z\u00e4hne erhalten werden, ohne dass die Nachbarz\u00e4hne besch\u00e4digt werden, und es wird eine St\u00fctze auf sie gesetzt, die als nat\u00fcrlicher Rahmen f\u00fcr den Zahn dient. Implantate verbessern auch die Mundhygiene und erm\u00f6glichen einen einfachen Zugang zwischen den Z\u00e4hnen. Implantate k\u00f6nnen lange Zeit oder sogar ein Leben lang verwendet werden, wenn die Regeln der Mundhygiene eingehalten werden. Frag den Arzt<\/p>\n","protected":false},"author":1,"featured_media":0,"parent":5184,"menu_order":0,"comment_status":"closed","ping_status":"closed","template":"","meta":{"footnotes":""},"aioseo_notices":[],"_links":{"self":[{"href":"https:\/\/ilkimakcabelen.com\/de\/wp-json\/wp\/v2\/pages\/6017"}],"collection":[{"href":"https:\/\/ilkimakcabelen.com\/de\/wp-json\/wp\/v2\/pages"}],"about":[{"href":"https:\/\/ilkimakcabelen.com\/de\/wp-json\/wp\/v2\/types\/page"}],"author":[{"embeddable":true,"href":"https:\/\/ilkimakcabelen.com\/de\/wp-json\/wp\/v2\/users\/1"}],"replies":[{"embeddable":true,"href":"https:\/\/ilkimakcabelen.com\/de\/wp-json\/wp\/v2\/comments?post=6017"}],"version-history":[{"count":12,"href":"https:\/\/ilkimakcabelen.com\/de\/wp-json\/wp\/v2\/pages\/6017\/revisions"}],"predecessor-version":[{"id":6298,"href":"https:\/\/ilkimakcabelen.com\/de\/wp-json\/wp\/v2\/pages\/6017\/revisions\/6298"}],"up":[{"embeddable":true,"href":"https:\/\/ilkimakcabelen.com\/de\/wp-json\/wp\/v2\/pages\/5184"}],"wp:attachment":[{"href":"https:\/\/ilkimakcabelen.com\/de\/wp-json\/wp\/v2\/media?parent=6017"}],"curies":[{"name":"wp","href":"https:\/\/api.w.org\/{rel}","templated":true}]}}