{"id":6018,"date":"2025-08-19T21:01:26","date_gmt":"2025-08-19T21:01:26","guid":{"rendered":"https:\/\/ilkimakcabelen.com\/de\/?page_id=6018"},"modified":"2025-09-01T09:47:46","modified_gmt":"2025-09-01T09:47:46","slug":"zirkonium-beschichtung","status":"publish","type":"page","link":"https:\/\/ilkimakcabelen.com\/de\/behandlungen\/zirkonium-beschichtung\/","title":{"rendered":"Zirkonium Beschichtung"},"content":{"rendered":"\t\t<div data-elementor-type=\"wp-page\" data-elementor-id=\"6018\" class=\"elementor elementor-6018\" data-elementor-post-type=\"page\">\n\t\t\t\t\t\t\t<div class=\"elementor-element elementor-element-11ff722 e-flex e-con-boxed wpr-particle-no wpr-jarallax-no wpr-parallax-no wpr-sticky-section-no e-con e-parent\" data-id=\"11ff722\" data-element_type=\"container\" data-settings=\"{&quot;background_background&quot;:&quot;classic&quot;,&quot;content_width&quot;:&quot;boxed&quot;}\" data-core-v316-plus=\"true\">\n\t\t\t\t\t<div class=\"e-con-inner\">\n\t\t\t\t<div class=\"elementor-element elementor-element-07d50af elementor-widget__width-auto elementor-widget elementor-widget-html\" data-id=\"07d50af\" data-element_type=\"widget\" data-widget_type=\"html.default\">\n\t\t\t\t<div class=\"elementor-widget-container\">\n\t\t\t<div class=\"aioseo-breadcrumbs\"><span class=\"aioseo-breadcrumb\">\n\tHome\n<\/span><\/div>\t\t<\/div>\n\t\t\t\t<\/div>\n\t\t\t\t<div class=\"elementor-element elementor-element-8fc3bd9 elementor-widget elementor-widget-spacer\" data-id=\"8fc3bd9\" data-element_type=\"widget\" data-widget_type=\"spacer.default\">\n\t\t\t\t<div class=\"elementor-widget-container\">\n\t\t\t<style>\/*! elementor - v3.18.0 - 20-12-2023 *\/\n.elementor-column .elementor-spacer-inner{height:var(--spacer-size)}.e-con{--container-widget-width:100%}.e-con-inner>.elementor-widget-spacer,.e-con>.elementor-widget-spacer{width:var(--container-widget-width,var(--spacer-size));--align-self:var(--container-widget-align-self,initial);--flex-shrink:0}.e-con-inner>.elementor-widget-spacer>.elementor-widget-container,.e-con>.elementor-widget-spacer>.elementor-widget-container{height:100%;width:100%}.e-con-inner>.elementor-widget-spacer>.elementor-widget-container>.elementor-spacer,.e-con>.elementor-widget-spacer>.elementor-widget-container>.elementor-spacer{height:100%}.e-con-inner>.elementor-widget-spacer>.elementor-widget-container>.elementor-spacer>.elementor-spacer-inner,.e-con>.elementor-widget-spacer>.elementor-widget-container>.elementor-spacer>.elementor-spacer-inner{height:var(--container-widget-height,var(--spacer-size))}.e-con-inner>.elementor-widget-spacer.elementor-widget-empty,.e-con>.elementor-widget-spacer.elementor-widget-empty{position:relative;min-height:22px;min-width:22px}.e-con-inner>.elementor-widget-spacer.elementor-widget-empty .elementor-widget-empty-icon,.e-con>.elementor-widget-spacer.elementor-widget-empty .elementor-widget-empty-icon{position:absolute;top:0;bottom:0;left:0;right:0;margin:auto;padding:0;width:22px;height:22px}<\/style>\t\t<div class=\"elementor-spacer\">\n\t\t\t<div class=\"elementor-spacer-inner\"><\/div>\n\t\t<\/div>\n\t\t\t\t<\/div>\n\t\t\t\t<\/div>\n\t\t\t\t<div class=\"elementor-element elementor-element-7a4428c elementor-widget elementor-widget-heading\" data-id=\"7a4428c\" data-element_type=\"widget\" data-widget_type=\"heading.default\">\n\t\t\t\t<div class=\"elementor-widget-container\">\n\t\t\t<style>\/*! elementor - v3.18.0 - 20-12-2023 *\/\n.elementor-heading-title{padding:0;margin:0;line-height:1}.elementor-widget-heading .elementor-heading-title[class*=elementor-size-]>a{color:inherit;font-size:inherit;line-height:inherit}.elementor-widget-heading .elementor-heading-title.elementor-size-small{font-size:15px}.elementor-widget-heading .elementor-heading-title.elementor-size-medium{font-size:19px}.elementor-widget-heading .elementor-heading-title.elementor-size-large{font-size:29px}.elementor-widget-heading .elementor-heading-title.elementor-size-xl{font-size:39px}.elementor-widget-heading .elementor-heading-title.elementor-size-xxl{font-size:59px}<\/style><h1 class=\"elementor-heading-title elementor-size-default\">Zirkonium Beschichtung<\/h1>\t\t<\/div>\n\t\t\t\t<\/div>\n\t\t\t\t<div class=\"elementor-element elementor-element-db979ca elementor-widget elementor-widget-spacer\" data-id=\"db979ca\" data-element_type=\"widget\" data-widget_type=\"spacer.default\">\n\t\t\t\t<div class=\"elementor-widget-container\">\n\t\t\t\t\t<div class=\"elementor-spacer\">\n\t\t\t<div class=\"elementor-spacer-inner\"><\/div>\n\t\t<\/div>\n\t\t\t\t<\/div>\n\t\t\t\t<\/div>\n\t\t\t\t<div class=\"elementor-element elementor-element-9398a61 elementor-widget elementor-widget-heading\" data-id=\"9398a61\" data-element_type=\"widget\" data-widget_type=\"heading.default\">\n\t\t\t\t<div class=\"elementor-widget-container\">\n\t\t\t<p class=\"elementor-heading-title elementor-size-default\">Zahnveneers sind eine Behandlung, die Patienten empfohlen wird, die die Form ihrer Z\u00e4hne aus verschiedenen Gr\u00fcnden ver\u00e4ndern wollen. Dieses Verfahren, das von Zahn\u00e4rzten durchgef\u00fchrt werden kann, erm\u00f6glicht es den Patienten, sch\u00f6nere Z\u00e4hne zu haben, ohne ihre gesunden Z\u00e4hne zu verlieren.\n\nF\u00fcr eine \u00e4sthetische Verblendung m\u00fcssen die Z\u00e4hne zun\u00e4chst vermessen werden. Gleichzeitig muss auch das Material f\u00fcr die Verblendung ausgew\u00e4hlt werden.<\/p>\t\t<\/div>\n\t\t\t\t<\/div>\n\t\t\t\t\t<\/div>\n\t\t\t\t<\/div>\n\t\t<div class=\"elementor-element elementor-element-753a558 e-flex e-con-boxed wpr-particle-no wpr-jarallax-no wpr-parallax-no wpr-sticky-section-no e-con e-parent\" data-id=\"753a558\" data-element_type=\"container\" data-settings=\"{&quot;background_background&quot;:&quot;classic&quot;,&quot;content_width&quot;:&quot;boxed&quot;}\" data-core-v316-plus=\"true\">\n\t\t\t\t\t<div class=\"e-con-inner\">\n\t\t<div class=\"elementor-element elementor-element-4a2a52e e-con-full e-flex wpr-particle-no wpr-jarallax-no wpr-parallax-no wpr-sticky-section-no e-con e-child\" data-id=\"4a2a52e\" data-element_type=\"container\" data-settings=\"{&quot;content_width&quot;:&quot;full&quot;}\">\n\t\t\t\t<div class=\"elementor-element elementor-element-d554add elementor-widget elementor-widget-heading\" data-id=\"d554add\" data-element_type=\"widget\" data-widget_type=\"heading.default\">\n\t\t\t\t<div class=\"elementor-widget-container\">\n\t\t\t<h2 class=\"elementor-heading-title elementor-size-default\">Zu beachtende Dinge nach Zahnveneers<\/h2>\t\t<\/div>\n\t\t\t\t<\/div>\n\t\t\t\t<div class=\"elementor-element elementor-element-fbd45ec elementor-widget elementor-widget-spacer\" data-id=\"fbd45ec\" data-element_type=\"widget\" data-widget_type=\"spacer.default\">\n\t\t\t\t<div class=\"elementor-widget-container\">\n\t\t\t\t\t<div class=\"elementor-spacer\">\n\t\t\t<div class=\"elementor-spacer-inner\"><\/div>\n\t\t<\/div>\n\t\t\t\t<\/div>\n\t\t\t\t<\/div>\n\t\t\t\t<div class=\"elementor-element elementor-element-336e2c3 elementor-widget elementor-widget-text-editor\" data-id=\"336e2c3\" data-element_type=\"widget\" data-widget_type=\"text-editor.default\">\n\t\t\t\t<div class=\"elementor-widget-container\">\n\t\t\t<style>\/*! elementor - v3.18.0 - 20-12-2023 *\/\n.elementor-widget-text-editor.elementor-drop-cap-view-stacked .elementor-drop-cap{background-color:#69727d;color:#fff}.elementor-widget-text-editor.elementor-drop-cap-view-framed .elementor-drop-cap{color:#69727d;border:3px solid;background-color:transparent}.elementor-widget-text-editor:not(.elementor-drop-cap-view-default) .elementor-drop-cap{margin-top:8px}.elementor-widget-text-editor:not(.elementor-drop-cap-view-default) .elementor-drop-cap-letter{width:1em;height:1em}.elementor-widget-text-editor .elementor-drop-cap{float:left;text-align:center;line-height:1;font-size:50px}.elementor-widget-text-editor .elementor-drop-cap-letter{display:inline-block}<\/style>\t\t\t\t<p>Die Mund- und Zahngesundheit sollte nach der Behandlung mit Zahnveneers gepflegt werden. Es ist jedoch auch wichtig, dass der Patient bei Problemen mit Zahnveneers einen Zahnarzt aufsucht. Es ist bekannt, dass es keine Probleme bei der Nutzung von Zahnveneers gibt. Es ist jedoch wichtig, im Falle eines m\u00f6glichen Problems sofort einen Zahnarzt aufzusuchen.<\/p>\t\t\t\t\t\t<\/div>\n\t\t\t\t<\/div>\n\t\t\t\t<div class=\"elementor-element elementor-element-7996910 elementor-widget elementor-widget-spacer\" data-id=\"7996910\" data-element_type=\"widget\" data-widget_type=\"spacer.default\">\n\t\t\t\t<div class=\"elementor-widget-container\">\n\t\t\t\t\t<div class=\"elementor-spacer\">\n\t\t\t<div class=\"elementor-spacer-inner\"><\/div>\n\t\t<\/div>\n\t\t\t\t<\/div>\n\t\t\t\t<\/div>\n\t\t\t\t<div class=\"elementor-element elementor-element-0ec6eaa elementor-widget elementor-widget-heading\" data-id=\"0ec6eaa\" data-element_type=\"widget\" data-widget_type=\"heading.default\">\n\t\t\t\t<div class=\"elementor-widget-container\">\n\t\t\t<h2 class=\"elementor-heading-title elementor-size-default\">Zu beachtende Dinge nach Zahnveneers<\/h2>\t\t<\/div>\n\t\t\t\t<\/div>\n\t\t\t\t<div class=\"elementor-element elementor-element-238706d elementor-widget elementor-widget-spacer\" data-id=\"238706d\" data-element_type=\"widget\" data-widget_type=\"spacer.default\">\n\t\t\t\t<div class=\"elementor-widget-container\">\n\t\t\t\t\t<div class=\"elementor-spacer\">\n\t\t\t<div class=\"elementor-spacer-inner\"><\/div>\n\t\t<\/div>\n\t\t\t\t<\/div>\n\t\t\t\t<\/div>\n\t\t\t\t<div class=\"elementor-element elementor-element-2fea673 elementor-widget elementor-widget-text-editor\" data-id=\"2fea673\" data-element_type=\"widget\" data-widget_type=\"text-editor.default\">\n\t\t\t\t<div class=\"elementor-widget-container\">\n\t\t\t\t\t\t\t<p>Zahnveneers sind nicht nur f\u00fcr \u00e4ltere Patienten geeignet, sondern k\u00f6nnen auch von j\u00fcngeren Patienten gew\u00e4hlt werden. Zum Beispiel k\u00f6nnen laminierte Veneers auf nur einen Zahn oder auf alle Z\u00e4hne geklebt werden. Diese Verblendschalen werden in der Regel bevorzugt, wenn man jung ist. Denn laminierte Verblendschalen k\u00f6nnen bei Zahnfrakturen in jedem Alter bevorzugt werden. Sofern es nicht zwingend erforderlich ist, sollten \u00e4sthetische Zahnveneers nicht in sehr jungem Alter bevorzugt werden. Obwohl die Dauer von Zahnveneers je nach Art des Veneers variiert, ist es ein praktisches Verfahren, und der Patient kann sein Leben nach dem Eingriff fortsetzen.<\/p>\t\t\t\t\t\t<\/div>\n\t\t\t\t<\/div>\n\t\t\t\t<div class=\"elementor-element elementor-element-64dd882 elementor-widget elementor-widget-spacer\" data-id=\"64dd882\" data-element_type=\"widget\" data-widget_type=\"spacer.default\">\n\t\t\t\t<div class=\"elementor-widget-container\">\n\t\t\t\t\t<div class=\"elementor-spacer\">\n\t\t\t<div class=\"elementor-spacer-inner\"><\/div>\n\t\t<\/div>\n\t\t\t\t<\/div>\n\t\t\t\t<\/div>\n\t\t\t\t<div class=\"elementor-element elementor-element-b8ce3e1 elementor-widget elementor-widget-heading\" data-id=\"b8ce3e1\" data-element_type=\"widget\" data-widget_type=\"heading.default\">\n\t\t\t\t<div class=\"elementor-widget-container\">\n\t\t\t<h2 class=\"elementor-heading-title elementor-size-default\">Warum werden Zahnveneers hergestellt?<\/h2>\t\t<\/div>\n\t\t\t\t<\/div>\n\t\t\t\t<div class=\"elementor-element elementor-element-4ad30bf elementor-widget elementor-widget-spacer\" data-id=\"4ad30bf\" data-element_type=\"widget\" data-widget_type=\"spacer.default\">\n\t\t\t\t<div class=\"elementor-widget-container\">\n\t\t\t\t\t<div class=\"elementor-spacer\">\n\t\t\t<div class=\"elementor-spacer-inner\"><\/div>\n\t\t<\/div>\n\t\t\t\t<\/div>\n\t\t\t\t<\/div>\n\t\t\t\t<div class=\"elementor-element elementor-element-c65770b elementor-widget elementor-widget-text-editor\" data-id=\"c65770b\" data-element_type=\"widget\" data-widget_type=\"text-editor.default\">\n\t\t\t\t<div class=\"elementor-widget-container\">\n\t\t\t\t\t\t\t<p>Viele Menschen bevorzugen \u00e4sthetische Verblendschalen, um sch\u00f6ne Z\u00e4hne zu erhalten. Aus diesem Grund ist die wichtigste Antwort auf die Frage, warum Zahnveneers hergestellt werden, der \u00e4sthetische Aspekt. Veneers sind der einfachste Weg, um einen vergilbten oder abgebrochenen Zahn zu versch\u00f6nern. Veneers k\u00f6nnen auch erforderlich sein, um das L\u00e4chel-Design zu vervollst\u00e4ndigen, das in den letzten Jahren immer beliebter geworden ist. Aus diesem Grund ist das L\u00e4chel-Design einer der Gr\u00fcnde, warum verblendete Z\u00e4hne bevorzugt werden.<\/p>\t\t\t\t\t\t<\/div>\n\t\t\t\t<\/div>\n\t\t\t\t<\/div>\n\t\t<div class=\"elementor-element elementor-element-1932657 e-con-full e-flex wpr-particle-no wpr-jarallax-no wpr-parallax-no wpr-sticky-section-no e-con e-child\" data-id=\"1932657\" data-element_type=\"container\" data-settings=\"{&quot;content_width&quot;:&quot;full&quot;,&quot;background_background&quot;:&quot;classic&quot;}\">\n\t\t<div class=\"elementor-element elementor-element-e93accf e-con-full jkit-sticky-element--enabled e-flex wpr-particle-no wpr-jarallax-no wpr-parallax-no wpr-sticky-section-no jkit-sticky-element-on--down jkit-sticky-position--sticky e-con e-child\" data-id=\"e93accf\" data-element_type=\"container\" data-settings=\"{&quot;content_width&quot;:&quot;full&quot;,&quot;background_background&quot;:&quot;classic&quot;,&quot;jkit_sticky_device&quot;:&quot;desktop&quot;,&quot;jkit_sticky_top_position&quot;:{&quot;unit&quot;:&quot;px&quot;,&quot;size&quot;:0,&quot;sizes&quot;:[]}}\">\n\t\t\t\t<div class=\"elementor-element elementor-element-d14cc04 elementor-widget elementor-widget-heading\" data-id=\"d14cc04\" data-element_type=\"widget\" data-widget_type=\"heading.default\">\n\t\t\t\t<div class=\"elementor-widget-container\">\n\t\t\t<div class=\"elementor-heading-title elementor-size-default\">Frag den Arzt\n<\/div>\t\t<\/div>\n\t\t\t\t<\/div>\n\t\t\t\t<div class=\"elementor-element elementor-element-053ea07 elementor-widget elementor-widget-html\" data-id=\"053ea07\" data-element_type=\"widget\" data-widget_type=\"html.default\">\n\t\t\t\t<div class=\"elementor-widget-container\">\n\t\t\t<div id=\"zf_div_Xqw033AwlCVH0gDZbdctD5V9jhtaOtxAXHKGPc1T7xo\"><\/div><script type=\"text\/javascript\">(function() {\r\ntry{\r\nvar f = document.createElement(\"iframe\");\r\nf.src = 'https:\/\/forms.zohopublic.com\/mayclinik\/form\/ContactForm\/formperma\/Xqw033AwlCVH0gDZbdctD5V9jhtaOtxAXHKGPc1T7xo?zf_rszfm=1';\r\nf.style.border=\"none\";\r\nf.style.height=\"590px\";\r\nf.style.width=\"100%\";\r\nf.style.transition=\"all 0.5s ease\";\r\nvar d = document.getElementById(\"zf_div_Xqw033AwlCVH0gDZbdctD5V9jhtaOtxAXHKGPc1T7xo\");\r\nd.appendChild(f);\r\nwindow.addEventListener('message', function (){\r\nvar evntData = event.data;\r\nif( evntData && evntData.constructor == String ){\r\nvar zf_ifrm_data = evntData.split(\"|\");\r\nif ( zf_ifrm_data.length == 2 ) {\r\nvar zf_perma = zf_ifrm_data[0];\r\nvar zf_ifrm_ht_nw = ( parseInt(zf_ifrm_data[1], 10) + 15 ) + \"px\";\r\nvar iframe = document.getElementById(\"zf_div_Xqw033AwlCVH0gDZbdctD5V9jhtaOtxAXHKGPc1T7xo\").getElementsByTagName(\"iframe\")[0];\r\nif ( (iframe.src).indexOf('formperma') > 0 && (iframe.src).indexOf(zf_perma) > 0 ) {\r\nvar prevIframeHeight = iframe.style.height;\r\nif ( prevIframeHeight != zf_ifrm_ht_nw ) {\r\niframe.style.height = zf_ifrm_ht_nw;\r\n}\r\n}\r\n}\r\n}\r\n}, false);\r\n}catch(e){}\r\n})();<\/script>\t\t<\/div>\n\t\t\t\t<\/div>\n\t\t\t\t<\/div>\n\t\t\t\t<\/div>\n\t\t\t\t\t<\/div>\n\t\t\t\t<\/div>\n\t\t\t\t\t\t\t<\/div>\n\t\t","protected":false},"excerpt":{"rendered":"<p>Zirkonium Beschichtung Zahnveneers sind eine Behandlung, die Patienten empfohlen wird, die die Form ihrer Z\u00e4hne aus verschiedenen Gr\u00fcnden ver\u00e4ndern wollen. Dieses Verfahren, das von Zahn\u00e4rzten durchgef\u00fchrt werden kann, erm\u00f6glicht es den Patienten, sch\u00f6nere Z\u00e4hne zu haben, ohne ihre gesunden Z\u00e4hne zu verlieren. F\u00fcr eine \u00e4sthetische Verblendung m\u00fcssen die Z\u00e4hne zun\u00e4chst vermessen werden. Gleichzeitig muss auch das Material f\u00fcr die Verblendung ausgew\u00e4hlt werden. Zu beachtende Dinge nach Zahnveneers Die Mund- und Zahngesundheit sollte nach der Behandlung mit Zahnveneers gepflegt werden. Es ist jedoch auch wichtig, dass der Patient bei Problemen mit Zahnveneers einen Zahnarzt aufsucht. Es ist bekannt, dass es keine Probleme bei der Nutzung von Zahnveneers gibt. Es ist jedoch wichtig, im Falle eines m\u00f6glichen Problems sofort einen Zahnarzt aufzusuchen. Zu beachtende Dinge nach Zahnveneers Zahnveneers sind nicht nur f\u00fcr \u00e4ltere Patienten geeignet, sondern k\u00f6nnen auch von j\u00fcngeren Patienten gew\u00e4hlt werden. Zum Beispiel k\u00f6nnen laminierte Veneers auf nur einen Zahn oder auf alle Z\u00e4hne geklebt werden. Diese Verblendschalen werden in der Regel bevorzugt, wenn man jung ist. Denn laminierte Verblendschalen k\u00f6nnen bei Zahnfrakturen in jedem Alter bevorzugt werden. Sofern es nicht zwingend erforderlich ist, sollten \u00e4sthetische Zahnveneers nicht in sehr jungem Alter bevorzugt werden. Obwohl die Dauer von Zahnveneers je nach Art des Veneers variiert, ist es ein praktisches Verfahren, und der Patient kann sein Leben nach dem Eingriff fortsetzen. Warum werden Zahnveneers hergestellt? Viele Menschen bevorzugen \u00e4sthetische Verblendschalen, um sch\u00f6ne Z\u00e4hne zu erhalten. Aus diesem Grund ist die wichtigste Antwort auf die Frage, warum Zahnveneers hergestellt werden, der \u00e4sthetische Aspekt. Veneers sind der einfachste Weg, um einen vergilbten oder abgebrochenen Zahn zu versch\u00f6nern. Veneers k\u00f6nnen auch erforderlich sein, um das L\u00e4chel-Design zu vervollst\u00e4ndigen, das in den letzten Jahren immer beliebter geworden ist. Aus diesem Grund ist das L\u00e4chel-Design einer der Gr\u00fcnde, warum verblendete Z\u00e4hne bevorzugt werden. Frag den Arzt<\/p>\n","protected":false},"author":1,"featured_media":0,"parent":5184,"menu_order":0,"comment_status":"closed","ping_status":"closed","template":"","meta":{"footnotes":""},"aioseo_notices":[],"_links":{"self":[{"href":"https:\/\/ilkimakcabelen.com\/de\/wp-json\/wp\/v2\/pages\/6018"}],"collection":[{"href":"https:\/\/ilkimakcabelen.com\/de\/wp-json\/wp\/v2\/pages"}],"about":[{"href":"https:\/\/ilkimakcabelen.com\/de\/wp-json\/wp\/v2\/types\/page"}],"author":[{"embeddable":true,"href":"https:\/\/ilkimakcabelen.com\/de\/wp-json\/wp\/v2\/users\/1"}],"replies":[{"embeddable":true,"href":"https:\/\/ilkimakcabelen.com\/de\/wp-json\/wp\/v2\/comments?post=6018"}],"version-history":[{"count":12,"href":"https:\/\/ilkimakcabelen.com\/de\/wp-json\/wp\/v2\/pages\/6018\/revisions"}],"predecessor-version":[{"id":6329,"href":"https:\/\/ilkimakcabelen.com\/de\/wp-json\/wp\/v2\/pages\/6018\/revisions\/6329"}],"up":[{"embeddable":true,"href":"https:\/\/ilkimakcabelen.com\/de\/wp-json\/wp\/v2\/pages\/5184"}],"wp:attachment":[{"href":"https:\/\/ilkimakcabelen.com\/de\/wp-json\/wp\/v2\/media?parent=6018"}],"curies":[{"name":"wp","href":"https:\/\/api.w.org\/{rel}","templated":true}]}}