{"id":6019,"date":"2025-08-19T21:08:04","date_gmt":"2025-08-19T21:08:04","guid":{"rendered":"https:\/\/ilkimakcabelen.com\/de\/?page_id=6019"},"modified":"2025-09-01T09:27:45","modified_gmt":"2025-09-01T09:27:45","slug":"kieferorthopadie","status":"publish","type":"page","link":"https:\/\/ilkimakcabelen.com\/de\/behandlungen\/kieferorthopadie\/","title":{"rendered":"Kieferorthop\u00e4die"},"content":{"rendered":"\t\t<div data-elementor-type=\"wp-page\" data-elementor-id=\"6019\" class=\"elementor elementor-6019\" data-elementor-post-type=\"page\">\n\t\t\t\t\t\t\t<div class=\"elementor-element elementor-element-11ff722 e-flex e-con-boxed wpr-particle-no wpr-jarallax-no wpr-parallax-no wpr-sticky-section-no e-con e-parent\" data-id=\"11ff722\" data-element_type=\"container\" data-settings=\"{&quot;background_background&quot;:&quot;classic&quot;,&quot;content_width&quot;:&quot;boxed&quot;}\" data-core-v316-plus=\"true\">\n\t\t\t\t\t<div class=\"e-con-inner\">\n\t\t\t\t<div class=\"elementor-element elementor-element-07d50af elementor-widget__width-auto elementor-widget elementor-widget-html\" data-id=\"07d50af\" data-element_type=\"widget\" data-widget_type=\"html.default\">\n\t\t\t\t<div class=\"elementor-widget-container\">\n\t\t\t<div class=\"aioseo-breadcrumbs\"><span class=\"aioseo-breadcrumb\">\n\tHome\n<\/span><\/div>\t\t<\/div>\n\t\t\t\t<\/div>\n\t\t\t\t<div class=\"elementor-element elementor-element-8fc3bd9 elementor-widget elementor-widget-spacer\" data-id=\"8fc3bd9\" data-element_type=\"widget\" data-widget_type=\"spacer.default\">\n\t\t\t\t<div class=\"elementor-widget-container\">\n\t\t\t<style>\/*! elementor - v3.18.0 - 20-12-2023 *\/\n.elementor-column .elementor-spacer-inner{height:var(--spacer-size)}.e-con{--container-widget-width:100%}.e-con-inner>.elementor-widget-spacer,.e-con>.elementor-widget-spacer{width:var(--container-widget-width,var(--spacer-size));--align-self:var(--container-widget-align-self,initial);--flex-shrink:0}.e-con-inner>.elementor-widget-spacer>.elementor-widget-container,.e-con>.elementor-widget-spacer>.elementor-widget-container{height:100%;width:100%}.e-con-inner>.elementor-widget-spacer>.elementor-widget-container>.elementor-spacer,.e-con>.elementor-widget-spacer>.elementor-widget-container>.elementor-spacer{height:100%}.e-con-inner>.elementor-widget-spacer>.elementor-widget-container>.elementor-spacer>.elementor-spacer-inner,.e-con>.elementor-widget-spacer>.elementor-widget-container>.elementor-spacer>.elementor-spacer-inner{height:var(--container-widget-height,var(--spacer-size))}.e-con-inner>.elementor-widget-spacer.elementor-widget-empty,.e-con>.elementor-widget-spacer.elementor-widget-empty{position:relative;min-height:22px;min-width:22px}.e-con-inner>.elementor-widget-spacer.elementor-widget-empty .elementor-widget-empty-icon,.e-con>.elementor-widget-spacer.elementor-widget-empty .elementor-widget-empty-icon{position:absolute;top:0;bottom:0;left:0;right:0;margin:auto;padding:0;width:22px;height:22px}<\/style>\t\t<div class=\"elementor-spacer\">\n\t\t\t<div class=\"elementor-spacer-inner\"><\/div>\n\t\t<\/div>\n\t\t\t\t<\/div>\n\t\t\t\t<\/div>\n\t\t\t\t<div class=\"elementor-element elementor-element-7a4428c elementor-widget elementor-widget-heading\" data-id=\"7a4428c\" data-element_type=\"widget\" data-widget_type=\"heading.default\">\n\t\t\t\t<div class=\"elementor-widget-container\">\n\t\t\t<style>\/*! elementor - v3.18.0 - 20-12-2023 *\/\n.elementor-heading-title{padding:0;margin:0;line-height:1}.elementor-widget-heading .elementor-heading-title[class*=elementor-size-]>a{color:inherit;font-size:inherit;line-height:inherit}.elementor-widget-heading .elementor-heading-title.elementor-size-small{font-size:15px}.elementor-widget-heading .elementor-heading-title.elementor-size-medium{font-size:19px}.elementor-widget-heading .elementor-heading-title.elementor-size-large{font-size:29px}.elementor-widget-heading .elementor-heading-title.elementor-size-xl{font-size:39px}.elementor-widget-heading .elementor-heading-title.elementor-size-xxl{font-size:59px}<\/style><h1 class=\"elementor-heading-title elementor-size-default\">Kieferorthop\u00e4die<\/h1>\t\t<\/div>\n\t\t\t\t<\/div>\n\t\t\t\t<div class=\"elementor-element elementor-element-db979ca elementor-widget elementor-widget-spacer\" data-id=\"db979ca\" data-element_type=\"widget\" data-widget_type=\"spacer.default\">\n\t\t\t\t<div class=\"elementor-widget-container\">\n\t\t\t\t\t<div class=\"elementor-spacer\">\n\t\t\t<div class=\"elementor-spacer-inner\"><\/div>\n\t\t<\/div>\n\t\t\t\t<\/div>\n\t\t\t\t<\/div>\n\t\t\t\t<div class=\"elementor-element elementor-element-9398a61 elementor-widget elementor-widget-heading\" data-id=\"9398a61\" data-element_type=\"widget\" data-widget_type=\"heading.default\">\n\t\t\t\t<div class=\"elementor-widget-container\">\n\t\t\t<p class=\"elementor-heading-title elementor-size-default\">Die Kieferorthop\u00e4die ist das Fachgebiet der Zahnmedizin, das sich mit Kieferfehlstellungen und verschiedenen St\u00f6rungen der Zahnstellung befasst. Kieferorthop\u00e4den diagnostizieren, verhindern und behandeln diese St\u00f6rungen. Entgegen der landl\u00e4ufigen Meinung ist die kieferorthop\u00e4dische Behandlung eine Behandlung, die nicht nur bei Kindern, sondern auch bei Erwachsenen durchgef\u00fchrt werden kann. Obwohl das Hauptziel einer kieferorthop\u00e4dischen Behandlung ein guter Biss ist, kann eine kieferorthop\u00e4dische Behandlung auch zu kosmetischen Zwecken durchgef\u00fchrt werden. Ob eine kieferorthop\u00e4dische Behandlung notwendig ist, wird nur von Zahn\u00e4rzten oder Kieferorthop\u00e4den nach den erforderlichen Untersuchungen festgestellt.<\/p>\t\t<\/div>\n\t\t\t\t<\/div>\n\t\t\t\t\t<\/div>\n\t\t\t\t<\/div>\n\t\t<div class=\"elementor-element elementor-element-753a558 e-flex e-con-boxed wpr-particle-no wpr-jarallax-no wpr-parallax-no wpr-sticky-section-no e-con e-parent\" data-id=\"753a558\" data-element_type=\"container\" data-settings=\"{&quot;background_background&quot;:&quot;classic&quot;,&quot;content_width&quot;:&quot;boxed&quot;}\" data-core-v316-plus=\"true\">\n\t\t\t\t\t<div class=\"e-con-inner\">\n\t\t<div class=\"elementor-element elementor-element-4a2a52e e-con-full e-flex wpr-particle-no wpr-jarallax-no wpr-parallax-no wpr-sticky-section-no e-con e-child\" data-id=\"4a2a52e\" data-element_type=\"container\" data-settings=\"{&quot;content_width&quot;:&quot;full&quot;}\">\n\t\t\t\t<div class=\"elementor-element elementor-element-d554add elementor-widget elementor-widget-heading\" data-id=\"d554add\" data-element_type=\"widget\" data-widget_type=\"heading.default\">\n\t\t\t\t<div class=\"elementor-widget-container\">\n\t\t\t<h2 class=\"elementor-heading-title elementor-size-default\">Wie sieht eine kieferorthop\u00e4dische Behandlung aus?<\/h2>\t\t<\/div>\n\t\t\t\t<\/div>\n\t\t\t\t<div class=\"elementor-element elementor-element-fbd45ec elementor-widget elementor-widget-spacer\" data-id=\"fbd45ec\" data-element_type=\"widget\" data-widget_type=\"spacer.default\">\n\t\t\t\t<div class=\"elementor-widget-container\">\n\t\t\t\t\t<div class=\"elementor-spacer\">\n\t\t\t<div class=\"elementor-spacer-inner\"><\/div>\n\t\t<\/div>\n\t\t\t\t<\/div>\n\t\t\t\t<\/div>\n\t\t\t\t<div class=\"elementor-element elementor-element-336e2c3 elementor-widget elementor-widget-text-editor\" data-id=\"336e2c3\" data-element_type=\"widget\" data-widget_type=\"text-editor.default\">\n\t\t\t\t<div class=\"elementor-widget-container\">\n\t\t\t<style>\/*! elementor - v3.18.0 - 20-12-2023 *\/\n.elementor-widget-text-editor.elementor-drop-cap-view-stacked .elementor-drop-cap{background-color:#69727d;color:#fff}.elementor-widget-text-editor.elementor-drop-cap-view-framed .elementor-drop-cap{color:#69727d;border:3px solid;background-color:transparent}.elementor-widget-text-editor:not(.elementor-drop-cap-view-default) .elementor-drop-cap{margin-top:8px}.elementor-widget-text-editor:not(.elementor-drop-cap-view-default) .elementor-drop-cap-letter{width:1em;height:1em}.elementor-widget-text-editor .elementor-drop-cap{float:left;text-align:center;line-height:1;font-size:50px}.elementor-widget-text-editor .elementor-drop-cap-letter{display:inline-block}<\/style>\t\t\t\t<p>Es gibt viele Methoden der kieferorthop\u00e4dischen Behandlung mit verschiedenen K\u00f6pfen, Platten und Klammern. Der Kieferorthop\u00e4de bestimmt die am besten geeignete Behandlungsmethode f\u00fcr das Problem des Patienten und beginnt die Behandlung entsprechend. Die kieferorthop\u00e4dische Behandlung umfasst<\/p><ul><li>Schlie\u00dfen von Zahnl\u00fccken oder Vorbeugung von Zahnl\u00fccken,<\/li><li>Ausrichten von Ober- und Unterkieferz\u00e4hnen,<\/li><li>Korrigieren von schief stehenden Z\u00e4hnen,<\/li><li>Herstellen eines korrekten Kieferschlusses,<\/li><li>Sicherstellen, dass die Z\u00e4hne langfristig ges\u00fcnder sind,<\/li><li>Beseitigen von Zahnproblemen, die Sprach- und Kaust\u00f6rungen verursachen,<\/li><li>Korrigieren der Gesichtssymmetrie.<\/li><\/ul>\t\t\t\t\t\t<\/div>\n\t\t\t\t<\/div>\n\t\t\t\t<div class=\"elementor-element elementor-element-7996910 elementor-widget elementor-widget-spacer\" data-id=\"7996910\" data-element_type=\"widget\" data-widget_type=\"spacer.default\">\n\t\t\t\t<div class=\"elementor-widget-container\">\n\t\t\t\t\t<div class=\"elementor-spacer\">\n\t\t\t<div class=\"elementor-spacer-inner\"><\/div>\n\t\t<\/div>\n\t\t\t\t<\/div>\n\t\t\t\t<\/div>\n\t\t\t\t<div class=\"elementor-element elementor-element-0ec6eaa elementor-widget elementor-widget-heading\" data-id=\"0ec6eaa\" data-element_type=\"widget\" data-widget_type=\"heading.default\">\n\t\t\t\t<div class=\"elementor-widget-container\">\n\t\t\t<h2 class=\"elementor-heading-title elementor-size-default\">Zu beachtende Punkte f\u00fcr Patienten, die sich einer kieferorthop\u00e4dischen Behandlung unterziehen<\/h2>\t\t<\/div>\n\t\t\t\t<\/div>\n\t\t\t\t<div class=\"elementor-element elementor-element-238706d elementor-widget elementor-widget-spacer\" data-id=\"238706d\" data-element_type=\"widget\" data-widget_type=\"spacer.default\">\n\t\t\t\t<div class=\"elementor-widget-container\">\n\t\t\t\t\t<div class=\"elementor-spacer\">\n\t\t\t<div class=\"elementor-spacer-inner\"><\/div>\n\t\t<\/div>\n\t\t\t\t<\/div>\n\t\t\t\t<\/div>\n\t\t\t\t<div class=\"elementor-element elementor-element-2fea673 elementor-widget elementor-widget-text-editor\" data-id=\"2fea673\" data-element_type=\"widget\" data-widget_type=\"text-editor.default\">\n\t\t\t\t<div class=\"elementor-widget-container\">\n\t\t\t\t\t\t\t<p>Es gibt einige Vorsichtsma\u00dfnahmen und Fragen, die Patienten, die sich einer kieferorthop\u00e4dischen Behandlung unterziehen, beachten sollten, um Probleme w\u00e4hrend der Behandlung zu vermeiden und die Behandlung nicht zu unterbrechen. Wenn Sie diese Punkte beachten und die notwendigen Vorsichtsma\u00dfnahmen ergreifen, wird der kieferorthop\u00e4dische Behandlungsprozess erleichtert und Sie werden weniger Probleme w\u00e4hrend der Behandlung haben. Patienten, die sich einer kieferorthop\u00e4dischen Behandlung unterziehen, sollten auf Folgendes achten:<\/p><p><strong>Achten Sie auf die Pflege von Z\u00e4hnen und Zahnfleisch:<\/strong>\u00a0Die Zahnhygiene ist w\u00e4hrend der kieferorthop\u00e4dischen Behandlung sehr wichtig. Die Z\u00e4hne sollten mindestens zweimal t\u00e4glich mit der vom Zahnarzt empfohlenen Zahnpasta und B\u00fcrste geputzt werden, und bei Bedarf sollten Mundsp\u00fclungen verwendet werden.<\/p><p><strong>Vermeiden Sie klebrige und harte Speisen:<\/strong>\u00a0Klebrige und harte Lebensmittel k\u00f6nnen die Zahnspange besch\u00e4digen, insbesondere bei einer Zahnspangenbehandlung. Dies kann zu einer Unterbrechung der kieferorthop\u00e4dischen Behandlung f\u00fchren.<\/p><p><strong>Vermeiden Sie s\u00e4urehaltige Getr\u00e4nke:\u00a0<\/strong>S\u00e4urehaltige Getr\u00e4nke k\u00f6nnen Ihre Zahnhartsubstanz angreifen und auch Ihr kieferorthop\u00e4disches Ger\u00e4t w\u00e4hrend der kieferorthop\u00e4dischen Behandlung besch\u00e4digen. Daher sollten Sie s\u00e4urehaltige Getr\u00e4nke vermeiden.<\/p><p><strong>Reinigung der Zahnzwischenr\u00e4ume und der Zahnspange:\u00a0<\/strong>W\u00e4hrend der Behandlung mit einer Zahnspange ist es wichtig, die Zahnzwischenr\u00e4ume und die Zahnspange zu reinigen. Sie sollten Ihre Zahnzwischenr\u00e4ume mit einer Interdentalb\u00fcrste in dem von Ihrem Arzt festgelegten Umfang reinigen.<\/p><p><strong>Arzttermine einhalten:\u00a0<\/strong>W\u00e4hrend der kieferorthop\u00e4dischen Behandlung sollten Sie in regelm\u00e4\u00dfigen Abst\u00e4nden Ihren Arzt aufsuchen. Dabei ist es wichtig, dass Sie die Termine nicht st\u00f6ren, damit Ihr Arzt den Verlauf der Behandlung verfolgen kann.<\/p><p>Patienten, die sich einer kieferorthop\u00e4dischen Behandlung unterziehen, sollten auf diese Details achten, um einen reibungslosen Ablauf der Behandlung zu gew\u00e4hrleisten. Wenn Sie sich ebenfalls in kieferorthop\u00e4discher Behandlung befinden, sollten Sie unbedingt die Empfehlungen Ihres Arztes befolgen.<\/p>\t\t\t\t\t\t<\/div>\n\t\t\t\t<\/div>\n\t\t\t\t<\/div>\n\t\t<div class=\"elementor-element elementor-element-1932657 e-con-full e-flex wpr-particle-no wpr-jarallax-no wpr-parallax-no wpr-sticky-section-no e-con e-child\" data-id=\"1932657\" data-element_type=\"container\" data-settings=\"{&quot;content_width&quot;:&quot;full&quot;,&quot;background_background&quot;:&quot;classic&quot;}\">\n\t\t<div class=\"elementor-element elementor-element-e93accf e-con-full jkit-sticky-element--enabled e-flex wpr-particle-no wpr-jarallax-no wpr-parallax-no wpr-sticky-section-no jkit-sticky-element-on--down jkit-sticky-position--sticky e-con e-child\" data-id=\"e93accf\" data-element_type=\"container\" data-settings=\"{&quot;content_width&quot;:&quot;full&quot;,&quot;background_background&quot;:&quot;classic&quot;,&quot;jkit_sticky_device&quot;:&quot;desktop&quot;,&quot;jkit_sticky_top_position&quot;:{&quot;unit&quot;:&quot;px&quot;,&quot;size&quot;:0,&quot;sizes&quot;:[]}}\">\n\t\t\t\t<div class=\"elementor-element elementor-element-d14cc04 elementor-widget elementor-widget-heading\" data-id=\"d14cc04\" data-element_type=\"widget\" data-widget_type=\"heading.default\">\n\t\t\t\t<div class=\"elementor-widget-container\">\n\t\t\t<div class=\"elementor-heading-title elementor-size-default\">Frag den Arzt<\/div>\t\t<\/div>\n\t\t\t\t<\/div>\n\t\t\t\t<div class=\"elementor-element elementor-element-053ea07 elementor-widget elementor-widget-html\" data-id=\"053ea07\" data-element_type=\"widget\" data-widget_type=\"html.default\">\n\t\t\t\t<div class=\"elementor-widget-container\">\n\t\t\t<div id=\"zf_div_Xqw033AwlCVH0gDZbdctD5V9jhtaOtxAXHKGPc1T7xo\"><\/div><script type=\"text\/javascript\">(function() {\r\ntry{\r\nvar f = document.createElement(\"iframe\");\r\nf.src = 'https:\/\/forms.zohopublic.com\/mayclinik\/form\/ContactForm\/formperma\/Xqw033AwlCVH0gDZbdctD5V9jhtaOtxAXHKGPc1T7xo?zf_rszfm=1';\r\nf.style.border=\"none\";\r\nf.style.height=\"590px\";\r\nf.style.width=\"100%\";\r\nf.style.transition=\"all 0.5s ease\";\r\nvar d = document.getElementById(\"zf_div_Xqw033AwlCVH0gDZbdctD5V9jhtaOtxAXHKGPc1T7xo\");\r\nd.appendChild(f);\r\nwindow.addEventListener('message', function (){\r\nvar evntData = event.data;\r\nif( evntData && evntData.constructor == String ){\r\nvar zf_ifrm_data = evntData.split(\"|\");\r\nif ( zf_ifrm_data.length == 2 ) {\r\nvar zf_perma = zf_ifrm_data[0];\r\nvar zf_ifrm_ht_nw = ( parseInt(zf_ifrm_data[1], 10) + 15 ) + \"px\";\r\nvar iframe = document.getElementById(\"zf_div_Xqw033AwlCVH0gDZbdctD5V9jhtaOtxAXHKGPc1T7xo\").getElementsByTagName(\"iframe\")[0];\r\nif ( (iframe.src).indexOf('formperma') > 0 && (iframe.src).indexOf(zf_perma) > 0 ) {\r\nvar prevIframeHeight = iframe.style.height;\r\nif ( prevIframeHeight != zf_ifrm_ht_nw ) {\r\niframe.style.height = zf_ifrm_ht_nw;\r\n}\r\n}\r\n}\r\n}\r\n}, false);\r\n}catch(e){}\r\n})();<\/script>\t\t<\/div>\n\t\t\t\t<\/div>\n\t\t\t\t<\/div>\n\t\t\t\t<\/div>\n\t\t\t\t\t<\/div>\n\t\t\t\t<\/div>\n\t\t\t\t\t\t\t<\/div>\n\t\t","protected":false},"excerpt":{"rendered":"<p>Kieferorthop\u00e4die Die Kieferorthop\u00e4die ist das Fachgebiet der Zahnmedizin, das sich mit Kieferfehlstellungen und verschiedenen St\u00f6rungen der Zahnstellung befasst. Kieferorthop\u00e4den diagnostizieren, verhindern und behandeln diese St\u00f6rungen. Entgegen der landl\u00e4ufigen Meinung ist die kieferorthop\u00e4dische Behandlung eine Behandlung, die nicht nur bei Kindern, sondern auch bei Erwachsenen durchgef\u00fchrt werden kann. Obwohl das Hauptziel einer kieferorthop\u00e4dischen Behandlung ein guter Biss ist, kann eine kieferorthop\u00e4dische Behandlung auch zu kosmetischen Zwecken durchgef\u00fchrt werden. Ob eine kieferorthop\u00e4dische Behandlung notwendig ist, wird nur von Zahn\u00e4rzten oder Kieferorthop\u00e4den nach den erforderlichen Untersuchungen festgestellt. Wie sieht eine kieferorthop\u00e4dische Behandlung aus? Es gibt viele Methoden der kieferorthop\u00e4dischen Behandlung mit verschiedenen K\u00f6pfen, Platten und Klammern. Der Kieferorthop\u00e4de bestimmt die am besten geeignete Behandlungsmethode f\u00fcr das Problem des Patienten und beginnt die Behandlung entsprechend. Die kieferorthop\u00e4dische Behandlung umfasst Schlie\u00dfen von Zahnl\u00fccken oder Vorbeugung von Zahnl\u00fccken, Ausrichten von Ober- und Unterkieferz\u00e4hnen, Korrigieren von schief stehenden Z\u00e4hnen, Herstellen eines korrekten Kieferschlusses, Sicherstellen, dass die Z\u00e4hne langfristig ges\u00fcnder sind, Beseitigen von Zahnproblemen, die Sprach- und Kaust\u00f6rungen verursachen, Korrigieren der Gesichtssymmetrie. Zu beachtende Punkte f\u00fcr Patienten, die sich einer kieferorthop\u00e4dischen Behandlung unterziehen Es gibt einige Vorsichtsma\u00dfnahmen und Fragen, die Patienten, die sich einer kieferorthop\u00e4dischen Behandlung unterziehen, beachten sollten, um Probleme w\u00e4hrend der Behandlung zu vermeiden und die Behandlung nicht zu unterbrechen. Wenn Sie diese Punkte beachten und die notwendigen Vorsichtsma\u00dfnahmen ergreifen, wird der kieferorthop\u00e4dische Behandlungsprozess erleichtert und Sie werden weniger Probleme w\u00e4hrend der Behandlung haben. Patienten, die sich einer kieferorthop\u00e4dischen Behandlung unterziehen, sollten auf Folgendes achten: Achten Sie auf die Pflege von Z\u00e4hnen und Zahnfleisch:\u00a0Die Zahnhygiene ist w\u00e4hrend der kieferorthop\u00e4dischen Behandlung sehr wichtig. Die Z\u00e4hne sollten mindestens zweimal t\u00e4glich mit der vom Zahnarzt empfohlenen Zahnpasta und B\u00fcrste geputzt werden, und bei Bedarf sollten Mundsp\u00fclungen verwendet werden. Vermeiden Sie klebrige und harte Speisen:\u00a0Klebrige und harte Lebensmittel k\u00f6nnen die Zahnspange besch\u00e4digen, insbesondere bei einer Zahnspangenbehandlung. Dies kann zu einer Unterbrechung der kieferorthop\u00e4dischen Behandlung f\u00fchren. Vermeiden Sie s\u00e4urehaltige Getr\u00e4nke:\u00a0S\u00e4urehaltige Getr\u00e4nke k\u00f6nnen Ihre Zahnhartsubstanz angreifen und auch Ihr kieferorthop\u00e4disches Ger\u00e4t w\u00e4hrend der kieferorthop\u00e4dischen Behandlung besch\u00e4digen. Daher sollten Sie s\u00e4urehaltige Getr\u00e4nke vermeiden. Reinigung der Zahnzwischenr\u00e4ume und der Zahnspange:\u00a0W\u00e4hrend der Behandlung mit einer Zahnspange ist es wichtig, die Zahnzwischenr\u00e4ume und die Zahnspange zu reinigen. Sie sollten Ihre Zahnzwischenr\u00e4ume mit einer Interdentalb\u00fcrste in dem von Ihrem Arzt festgelegten Umfang reinigen. Arzttermine einhalten:\u00a0W\u00e4hrend der kieferorthop\u00e4dischen Behandlung sollten Sie in regelm\u00e4\u00dfigen Abst\u00e4nden Ihren Arzt aufsuchen. Dabei ist es wichtig, dass Sie die Termine nicht st\u00f6ren, damit Ihr Arzt den Verlauf der Behandlung verfolgen kann. Patienten, die sich einer kieferorthop\u00e4dischen Behandlung unterziehen, sollten auf diese Details achten, um einen reibungslosen Ablauf der Behandlung zu gew\u00e4hrleisten. Wenn Sie sich ebenfalls in kieferorthop\u00e4discher Behandlung befinden, sollten Sie unbedingt die Empfehlungen Ihres Arztes befolgen. Frag den Arzt<\/p>\n","protected":false},"author":1,"featured_media":0,"parent":5184,"menu_order":0,"comment_status":"closed","ping_status":"closed","template":"","meta":{"footnotes":""},"aioseo_notices":[],"_links":{"self":[{"href":"https:\/\/ilkimakcabelen.com\/de\/wp-json\/wp\/v2\/pages\/6019"}],"collection":[{"href":"https:\/\/ilkimakcabelen.com\/de\/wp-json\/wp\/v2\/pages"}],"about":[{"href":"https:\/\/ilkimakcabelen.com\/de\/wp-json\/wp\/v2\/types\/page"}],"author":[{"embeddable":true,"href":"https:\/\/ilkimakcabelen.com\/de\/wp-json\/wp\/v2\/users\/1"}],"replies":[{"embeddable":true,"href":"https:\/\/ilkimakcabelen.com\/de\/wp-json\/wp\/v2\/comments?post=6019"}],"version-history":[{"count":15,"href":"https:\/\/ilkimakcabelen.com\/de\/wp-json\/wp\/v2\/pages\/6019\/revisions"}],"predecessor-version":[{"id":6307,"href":"https:\/\/ilkimakcabelen.com\/de\/wp-json\/wp\/v2\/pages\/6019\/revisions\/6307"}],"up":[{"embeddable":true,"href":"https:\/\/ilkimakcabelen.com\/de\/wp-json\/wp\/v2\/pages\/5184"}],"wp:attachment":[{"href":"https:\/\/ilkimakcabelen.com\/de\/wp-json\/wp\/v2\/media?parent=6019"}],"curies":[{"name":"wp","href":"https:\/\/api.w.org\/{rel}","templated":true}]}}