{"id":6020,"date":"2025-08-19T21:41:38","date_gmt":"2025-08-19T21:41:38","guid":{"rendered":"https:\/\/ilkimakcabelen.com\/de\/?page_id=6020"},"modified":"2025-09-01T09:41:12","modified_gmt":"2025-09-01T09:41:12","slug":"zahnwurzelbehandlung","status":"publish","type":"page","link":"https:\/\/ilkimakcabelen.com\/de\/behandlungen\/zahnwurzelbehandlung\/","title":{"rendered":"Zahnwurzelbehandlung"},"content":{"rendered":"\t\t<div data-elementor-type=\"wp-page\" data-elementor-id=\"6020\" class=\"elementor elementor-6020\" data-elementor-post-type=\"page\">\n\t\t\t\t\t\t\t<div class=\"elementor-element elementor-element-11ff722 e-flex e-con-boxed wpr-particle-no wpr-jarallax-no wpr-parallax-no wpr-sticky-section-no e-con e-parent\" data-id=\"11ff722\" data-element_type=\"container\" data-settings=\"{&quot;background_background&quot;:&quot;classic&quot;,&quot;content_width&quot;:&quot;boxed&quot;}\" data-core-v316-plus=\"true\">\n\t\t\t\t\t<div class=\"e-con-inner\">\n\t\t\t\t<div class=\"elementor-element elementor-element-07d50af elementor-widget__width-auto elementor-widget elementor-widget-html\" data-id=\"07d50af\" data-element_type=\"widget\" data-widget_type=\"html.default\">\n\t\t\t\t<div class=\"elementor-widget-container\">\n\t\t\t<div class=\"aioseo-breadcrumbs\"><span class=\"aioseo-breadcrumb\">\n\tHome\n<\/span><\/div>\t\t<\/div>\n\t\t\t\t<\/div>\n\t\t\t\t<div class=\"elementor-element elementor-element-8fc3bd9 elementor-widget elementor-widget-spacer\" data-id=\"8fc3bd9\" data-element_type=\"widget\" data-widget_type=\"spacer.default\">\n\t\t\t\t<div class=\"elementor-widget-container\">\n\t\t\t<style>\/*! elementor - v3.18.0 - 20-12-2023 *\/\n.elementor-column .elementor-spacer-inner{height:var(--spacer-size)}.e-con{--container-widget-width:100%}.e-con-inner>.elementor-widget-spacer,.e-con>.elementor-widget-spacer{width:var(--container-widget-width,var(--spacer-size));--align-self:var(--container-widget-align-self,initial);--flex-shrink:0}.e-con-inner>.elementor-widget-spacer>.elementor-widget-container,.e-con>.elementor-widget-spacer>.elementor-widget-container{height:100%;width:100%}.e-con-inner>.elementor-widget-spacer>.elementor-widget-container>.elementor-spacer,.e-con>.elementor-widget-spacer>.elementor-widget-container>.elementor-spacer{height:100%}.e-con-inner>.elementor-widget-spacer>.elementor-widget-container>.elementor-spacer>.elementor-spacer-inner,.e-con>.elementor-widget-spacer>.elementor-widget-container>.elementor-spacer>.elementor-spacer-inner{height:var(--container-widget-height,var(--spacer-size))}.e-con-inner>.elementor-widget-spacer.elementor-widget-empty,.e-con>.elementor-widget-spacer.elementor-widget-empty{position:relative;min-height:22px;min-width:22px}.e-con-inner>.elementor-widget-spacer.elementor-widget-empty .elementor-widget-empty-icon,.e-con>.elementor-widget-spacer.elementor-widget-empty .elementor-widget-empty-icon{position:absolute;top:0;bottom:0;left:0;right:0;margin:auto;padding:0;width:22px;height:22px}<\/style>\t\t<div class=\"elementor-spacer\">\n\t\t\t<div class=\"elementor-spacer-inner\"><\/div>\n\t\t<\/div>\n\t\t\t\t<\/div>\n\t\t\t\t<\/div>\n\t\t\t\t<div class=\"elementor-element elementor-element-7a4428c elementor-widget elementor-widget-heading\" data-id=\"7a4428c\" data-element_type=\"widget\" data-widget_type=\"heading.default\">\n\t\t\t\t<div class=\"elementor-widget-container\">\n\t\t\t<style>\/*! elementor - v3.18.0 - 20-12-2023 *\/\n.elementor-heading-title{padding:0;margin:0;line-height:1}.elementor-widget-heading .elementor-heading-title[class*=elementor-size-]>a{color:inherit;font-size:inherit;line-height:inherit}.elementor-widget-heading .elementor-heading-title.elementor-size-small{font-size:15px}.elementor-widget-heading .elementor-heading-title.elementor-size-medium{font-size:19px}.elementor-widget-heading .elementor-heading-title.elementor-size-large{font-size:29px}.elementor-widget-heading .elementor-heading-title.elementor-size-xl{font-size:39px}.elementor-widget-heading .elementor-heading-title.elementor-size-xxl{font-size:59px}<\/style><h1 class=\"elementor-heading-title elementor-size-default\">Zahnwurzelbehandlung<\/h1>\t\t<\/div>\n\t\t\t\t<\/div>\n\t\t\t\t<div class=\"elementor-element elementor-element-db979ca elementor-widget elementor-widget-spacer\" data-id=\"db979ca\" data-element_type=\"widget\" data-widget_type=\"spacer.default\">\n\t\t\t\t<div class=\"elementor-widget-container\">\n\t\t\t\t\t<div class=\"elementor-spacer\">\n\t\t\t<div class=\"elementor-spacer-inner\"><\/div>\n\t\t<\/div>\n\t\t\t\t<\/div>\n\t\t\t\t<\/div>\n\t\t\t\t<div class=\"elementor-element elementor-element-9398a61 elementor-widget elementor-widget-heading\" data-id=\"9398a61\" data-element_type=\"widget\" data-widget_type=\"heading.default\">\n\t\t\t\t<div class=\"elementor-widget-container\">\n\t\t\t<p class=\"elementor-heading-title elementor-size-default\">Bei der Wurzelbehandlung wird entz\u00fcndetes oder gesch\u00e4digtes Nervengewebe im Inneren des Zahns entfernt, die Wurzelkan\u00e4le werden desinfiziert und mit speziellem F\u00fcllmaterial verschlossen. Dieses Verfahren, das darauf abzielt, den Zahn ohne Extraktion zu retten, lindert die Schmerzen und sorgt daf\u00fcr, dass der Zahn viele Jahre lang gesund im Mund bleibt.<\/p>\t\t<\/div>\n\t\t\t\t<\/div>\n\t\t\t\t\t<\/div>\n\t\t\t\t<\/div>\n\t\t<div class=\"elementor-element elementor-element-753a558 e-flex e-con-boxed wpr-particle-no wpr-jarallax-no wpr-parallax-no wpr-sticky-section-no e-con e-parent\" data-id=\"753a558\" data-element_type=\"container\" data-settings=\"{&quot;background_background&quot;:&quot;classic&quot;,&quot;content_width&quot;:&quot;boxed&quot;}\" data-core-v316-plus=\"true\">\n\t\t\t\t\t<div class=\"e-con-inner\">\n\t\t<div class=\"elementor-element elementor-element-4a2a52e e-con-full e-flex wpr-particle-no wpr-jarallax-no wpr-parallax-no wpr-sticky-section-no e-con e-child\" data-id=\"4a2a52e\" data-element_type=\"container\" data-settings=\"{&quot;content_width&quot;:&quot;full&quot;}\">\n\t\t\t\t<div class=\"elementor-element elementor-element-d554add elementor-widget elementor-widget-heading\" data-id=\"d554add\" data-element_type=\"widget\" data-widget_type=\"heading.default\">\n\t\t\t\t<div class=\"elementor-widget-container\">\n\t\t\t<h2 class=\"elementor-heading-title elementor-size-default\">Was ist Endodontie (Wurzelkanalbehandlung)?<\/h2>\t\t<\/div>\n\t\t\t\t<\/div>\n\t\t\t\t<div class=\"elementor-element elementor-element-fbd45ec elementor-widget elementor-widget-spacer\" data-id=\"fbd45ec\" data-element_type=\"widget\" data-widget_type=\"spacer.default\">\n\t\t\t\t<div class=\"elementor-widget-container\">\n\t\t\t\t\t<div class=\"elementor-spacer\">\n\t\t\t<div class=\"elementor-spacer-inner\"><\/div>\n\t\t<\/div>\n\t\t\t\t<\/div>\n\t\t\t\t<\/div>\n\t\t\t\t<div class=\"elementor-element elementor-element-336e2c3 elementor-widget elementor-widget-text-editor\" data-id=\"336e2c3\" data-element_type=\"widget\" data-widget_type=\"text-editor.default\">\n\t\t\t\t<div class=\"elementor-widget-container\">\n\t\t\t<style>\/*! elementor - v3.18.0 - 20-12-2023 *\/\n.elementor-widget-text-editor.elementor-drop-cap-view-stacked .elementor-drop-cap{background-color:#69727d;color:#fff}.elementor-widget-text-editor.elementor-drop-cap-view-framed .elementor-drop-cap{color:#69727d;border:3px solid;background-color:transparent}.elementor-widget-text-editor:not(.elementor-drop-cap-view-default) .elementor-drop-cap{margin-top:8px}.elementor-widget-text-editor:not(.elementor-drop-cap-view-default) .elementor-drop-cap-letter{width:1em;height:1em}.elementor-widget-text-editor .elementor-drop-cap{float:left;text-align:center;line-height:1;font-size:50px}.elementor-widget-text-editor .elementor-drop-cap-letter{display:inline-block}<\/style>\t\t\t\t<p>Die Endodontie ist ein Behandlungszweig, der sich mit der Behandlung kari\u00f6ser oder infizierter Z\u00e4hne und der Behandlung der damit verbundenen Krankheiten befasst. Bei der Endodontie, die auch als Wurzelkanalbehandlung bezeichnet wird, kann der kranke Zahn geheilt werden, indem die Nervenenden behandelt und die Infektion gereinigt wird, anstatt ihn zu entfernen. Wenn bei einer Wurzelbehandlung der \u00e4u\u00dfere Teil des Zahns, das Zahnmark, besch\u00e4digt ist, muss der Zahn so geheilt werden, dass der innere Teil des Zahns gesch\u00fctzt wird. So kann das infizierte oder entz\u00fcndete Gewebe geheilt werden. Gleichzeitig kann eine Wurzelbehandlung auch in F\u00e4llen wie Rissen und Frakturen im Zahn erforderlich sein. Das Hauptziel der Endodontie ist es, die Gesundheit und Funktion des Zahns zu erhalten.<\/p>\t\t\t\t\t\t<\/div>\n\t\t\t\t<\/div>\n\t\t\t\t<div class=\"elementor-element elementor-element-7996910 elementor-widget elementor-widget-spacer\" data-id=\"7996910\" data-element_type=\"widget\" data-widget_type=\"spacer.default\">\n\t\t\t\t<div class=\"elementor-widget-container\">\n\t\t\t\t\t<div class=\"elementor-spacer\">\n\t\t\t<div class=\"elementor-spacer-inner\"><\/div>\n\t\t<\/div>\n\t\t\t\t<\/div>\n\t\t\t\t<\/div>\n\t\t\t\t<div class=\"elementor-element elementor-element-0ec6eaa elementor-widget elementor-widget-heading\" data-id=\"0ec6eaa\" data-element_type=\"widget\" data-widget_type=\"heading.default\">\n\t\t\t\t<div class=\"elementor-widget-container\">\n\t\t\t<h2 class=\"elementor-heading-title elementor-size-default\">Was macht die Endodontie?<\/h2>\t\t<\/div>\n\t\t\t\t<\/div>\n\t\t\t\t<div class=\"elementor-element elementor-element-238706d elementor-widget elementor-widget-spacer\" data-id=\"238706d\" data-element_type=\"widget\" data-widget_type=\"spacer.default\">\n\t\t\t\t<div class=\"elementor-widget-container\">\n\t\t\t\t\t<div class=\"elementor-spacer\">\n\t\t\t<div class=\"elementor-spacer-inner\"><\/div>\n\t\t<\/div>\n\t\t\t\t<\/div>\n\t\t\t\t<\/div>\n\t\t\t\t<div class=\"elementor-element elementor-element-2fea673 elementor-widget elementor-widget-text-editor\" data-id=\"2fea673\" data-element_type=\"widget\" data-widget_type=\"text-editor.default\">\n\t\t\t\t<div class=\"elementor-widget-container\">\n\t\t\t\t\t\t\t<p>Die Endodontie ist ein Behandlungssystem, das sich auf die Heilung von Sch\u00e4den an den Nerven konzentriert, die durch die Zahnpulpa verlaufen. Eine Sch\u00e4digung des Pulpagewebes f\u00fchrt dazu, dass der Zahn von au\u00dfen erodiert und von innen seine Funktion verliert, was Schmerzen und Infektionen verursacht. Die Sch\u00e4digung der Zahnpulpa nimmt zu, wenn der Zahn durch Leckagen von au\u00dfen, wie Frakturen, Risse und Karies, Nahrungsresten und Bakterien ausgesetzt ist. Ohne fr\u00fchzeitiges Eingreifen kann dies zum Zahnverlust f\u00fchren. Diese St\u00f6rungen, die das Innere des Zahns erreichen, verringern sowohl die Lebensdauer des Zahns als auch die Lebensqualit\u00e4t des Betroffenen. Die Patienten leiden unter Umst\u00e4nden unter Beschwerden und Empfindlichkeit beim Essen und Kauen.<\/p><p>Zahnkaries entsteht, wenn Zahnbelag und Zahnmark erodieren und die Infektion fortschreitet. Bei endodontischen Behandlungen werden die notwendigen Eingriffe an den Nervenenden vorgenommen, w\u00e4hrend gleichzeitig die Infektion im Zahn behandelt wird. So wird sichergestellt, dass die Person die Funktionen des Essens, Trinkens und Sprechens mit ihren eigenen Z\u00e4hnen bequem erf\u00fcllen kann.<\/p>\t\t\t\t\t\t<\/div>\n\t\t\t\t<\/div>\n\t\t\t\t<div class=\"elementor-element elementor-element-64dd882 elementor-widget elementor-widget-spacer\" data-id=\"64dd882\" data-element_type=\"widget\" data-widget_type=\"spacer.default\">\n\t\t\t\t<div class=\"elementor-widget-container\">\n\t\t\t\t\t<div class=\"elementor-spacer\">\n\t\t\t<div class=\"elementor-spacer-inner\"><\/div>\n\t\t<\/div>\n\t\t\t\t<\/div>\n\t\t\t\t<\/div>\n\t\t\t\t<div class=\"elementor-element elementor-element-b8ce3e1 elementor-widget elementor-widget-heading\" data-id=\"b8ce3e1\" data-element_type=\"widget\" data-widget_type=\"heading.default\">\n\t\t\t\t<div class=\"elementor-widget-container\">\n\t\t\t<h2 class=\"elementor-heading-title elementor-size-default\">Wie wird die Endodontie durchgef\u00fchrt?<\/h2>\t\t<\/div>\n\t\t\t\t<\/div>\n\t\t\t\t<div class=\"elementor-element elementor-element-4ad30bf elementor-widget elementor-widget-spacer\" data-id=\"4ad30bf\" data-element_type=\"widget\" data-widget_type=\"spacer.default\">\n\t\t\t\t<div class=\"elementor-widget-container\">\n\t\t\t\t\t<div class=\"elementor-spacer\">\n\t\t\t<div class=\"elementor-spacer-inner\"><\/div>\n\t\t<\/div>\n\t\t\t\t<\/div>\n\t\t\t\t<\/div>\n\t\t\t\t<div class=\"elementor-element elementor-element-c65770b elementor-widget elementor-widget-text-editor\" data-id=\"c65770b\" data-element_type=\"widget\" data-widget_type=\"text-editor.default\">\n\t\t\t\t<div class=\"elementor-widget-container\">\n\t\t\t\t\t\t\t<p>Eine Wurzelkanalbehandlung besteht im Allgemeinen aus drei grundlegenden Schritten. Zun\u00e4chst werden R\u00f6ntgenaufnahmen gemacht, um die Zahnstruktur und das Gewebe zu diagnostizieren. Danach wird das durch Frakturen oder Karies infizierte Pulpagewebe unter \u00f6rtlicher Bet\u00e4ubung aus dem Zahn entfernt. An der Stelle des entfernten Gewebes bildet sich ein Hohlraum, der so gereinigt wird, dass das \u00fcbrige Zahngewebe nicht besch\u00e4digt wird. Indem die Wurzelkan\u00e4le erreicht werden, werden die Nervenenden in diesem Bereich gehemmt. Der Hohlraum wird dann mit einem zahnfreundlichen F\u00fcllungsmaterial entsprechend der Gr\u00f6\u00dfe des Zahns gef\u00fcllt. Nach der abschlie\u00dfenden R\u00f6ntgenkontrolle ist die Behandlung erfolgreich abgeschlossen.<\/p>\t\t\t\t\t\t<\/div>\n\t\t\t\t<\/div>\n\t\t\t\t<\/div>\n\t\t<div class=\"elementor-element elementor-element-1932657 e-con-full e-flex wpr-particle-no wpr-jarallax-no wpr-parallax-no wpr-sticky-section-no e-con e-child\" data-id=\"1932657\" data-element_type=\"container\" data-settings=\"{&quot;content_width&quot;:&quot;full&quot;,&quot;background_background&quot;:&quot;classic&quot;}\">\n\t\t<div class=\"elementor-element elementor-element-e93accf e-con-full jkit-sticky-element--enabled e-flex wpr-particle-no wpr-jarallax-no wpr-parallax-no wpr-sticky-section-no jkit-sticky-element-on--down jkit-sticky-position--sticky e-con e-child\" data-id=\"e93accf\" data-element_type=\"container\" data-settings=\"{&quot;content_width&quot;:&quot;full&quot;,&quot;background_background&quot;:&quot;classic&quot;,&quot;jkit_sticky_device&quot;:&quot;desktop&quot;,&quot;jkit_sticky_top_position&quot;:{&quot;unit&quot;:&quot;px&quot;,&quot;size&quot;:0,&quot;sizes&quot;:[]}}\">\n\t\t\t\t<div class=\"elementor-element elementor-element-d14cc04 elementor-widget elementor-widget-heading\" data-id=\"d14cc04\" data-element_type=\"widget\" data-widget_type=\"heading.default\">\n\t\t\t\t<div class=\"elementor-widget-container\">\n\t\t\t<div class=\"elementor-heading-title elementor-size-default\">Frag den Arzt<\/div>\t\t<\/div>\n\t\t\t\t<\/div>\n\t\t\t\t<div class=\"elementor-element elementor-element-053ea07 elementor-widget elementor-widget-html\" data-id=\"053ea07\" data-element_type=\"widget\" data-widget_type=\"html.default\">\n\t\t\t\t<div class=\"elementor-widget-container\">\n\t\t\t<div id=\"zf_div_Xqw033AwlCVH0gDZbdctD5V9jhtaOtxAXHKGPc1T7xo\"><\/div><script type=\"text\/javascript\">(function() {\r\ntry{\r\nvar f = document.createElement(\"iframe\");\r\nf.src = 'https:\/\/forms.zohopublic.com\/mayclinik\/form\/ContactForm\/formperma\/Xqw033AwlCVH0gDZbdctD5V9jhtaOtxAXHKGPc1T7xo?zf_rszfm=1';\r\nf.style.border=\"none\";\r\nf.style.height=\"590px\";\r\nf.style.width=\"100%\";\r\nf.style.transition=\"all 0.5s ease\";\r\nvar d = document.getElementById(\"zf_div_Xqw033AwlCVH0gDZbdctD5V9jhtaOtxAXHKGPc1T7xo\");\r\nd.appendChild(f);\r\nwindow.addEventListener('message', function (){\r\nvar evntData = event.data;\r\nif( evntData && evntData.constructor == String ){\r\nvar zf_ifrm_data = evntData.split(\"|\");\r\nif ( zf_ifrm_data.length == 2 ) {\r\nvar zf_perma = zf_ifrm_data[0];\r\nvar zf_ifrm_ht_nw = ( parseInt(zf_ifrm_data[1], 10) + 15 ) + \"px\";\r\nvar iframe = document.getElementById(\"zf_div_Xqw033AwlCVH0gDZbdctD5V9jhtaOtxAXHKGPc1T7xo\").getElementsByTagName(\"iframe\")[0];\r\nif ( (iframe.src).indexOf('formperma') > 0 && (iframe.src).indexOf(zf_perma) > 0 ) {\r\nvar prevIframeHeight = iframe.style.height;\r\nif ( prevIframeHeight != zf_ifrm_ht_nw ) {\r\niframe.style.height = zf_ifrm_ht_nw;\r\n}\r\n}\r\n}\r\n}\r\n}, false);\r\n}catch(e){}\r\n})();<\/script>\t\t<\/div>\n\t\t\t\t<\/div>\n\t\t\t\t<\/div>\n\t\t\t\t<\/div>\n\t\t\t\t\t<\/div>\n\t\t\t\t<\/div>\n\t\t\t\t\t\t\t<\/div>\n\t\t","protected":false},"excerpt":{"rendered":"<p>Zahnwurzelbehandlung Bei der Wurzelbehandlung wird entz\u00fcndetes oder gesch\u00e4digtes Nervengewebe im Inneren des Zahns entfernt, die Wurzelkan\u00e4le werden desinfiziert und mit speziellem F\u00fcllmaterial verschlossen. Dieses Verfahren, das darauf abzielt, den Zahn ohne Extraktion zu retten, lindert die Schmerzen und sorgt daf\u00fcr, dass der Zahn viele Jahre lang gesund im Mund bleibt. Was ist Endodontie (Wurzelkanalbehandlung)? Die Endodontie ist ein Behandlungszweig, der sich mit der Behandlung kari\u00f6ser oder infizierter Z\u00e4hne und der Behandlung der damit verbundenen Krankheiten befasst. Bei der Endodontie, die auch als Wurzelkanalbehandlung bezeichnet wird, kann der kranke Zahn geheilt werden, indem die Nervenenden behandelt und die Infektion gereinigt wird, anstatt ihn zu entfernen. Wenn bei einer Wurzelbehandlung der \u00e4u\u00dfere Teil des Zahns, das Zahnmark, besch\u00e4digt ist, muss der Zahn so geheilt werden, dass der innere Teil des Zahns gesch\u00fctzt wird. So kann das infizierte oder entz\u00fcndete Gewebe geheilt werden. Gleichzeitig kann eine Wurzelbehandlung auch in F\u00e4llen wie Rissen und Frakturen im Zahn erforderlich sein. Das Hauptziel der Endodontie ist es, die Gesundheit und Funktion des Zahns zu erhalten. Was macht die Endodontie? Die Endodontie ist ein Behandlungssystem, das sich auf die Heilung von Sch\u00e4den an den Nerven konzentriert, die durch die Zahnpulpa verlaufen. Eine Sch\u00e4digung des Pulpagewebes f\u00fchrt dazu, dass der Zahn von au\u00dfen erodiert und von innen seine Funktion verliert, was Schmerzen und Infektionen verursacht. Die Sch\u00e4digung der Zahnpulpa nimmt zu, wenn der Zahn durch Leckagen von au\u00dfen, wie Frakturen, Risse und Karies, Nahrungsresten und Bakterien ausgesetzt ist. Ohne fr\u00fchzeitiges Eingreifen kann dies zum Zahnverlust f\u00fchren. Diese St\u00f6rungen, die das Innere des Zahns erreichen, verringern sowohl die Lebensdauer des Zahns als auch die Lebensqualit\u00e4t des Betroffenen. Die Patienten leiden unter Umst\u00e4nden unter Beschwerden und Empfindlichkeit beim Essen und Kauen. Zahnkaries entsteht, wenn Zahnbelag und Zahnmark erodieren und die Infektion fortschreitet. Bei endodontischen Behandlungen werden die notwendigen Eingriffe an den Nervenenden vorgenommen, w\u00e4hrend gleichzeitig die Infektion im Zahn behandelt wird. So wird sichergestellt, dass die Person die Funktionen des Essens, Trinkens und Sprechens mit ihren eigenen Z\u00e4hnen bequem erf\u00fcllen kann. Wie wird die Endodontie durchgef\u00fchrt? Eine Wurzelkanalbehandlung besteht im Allgemeinen aus drei grundlegenden Schritten. Zun\u00e4chst werden R\u00f6ntgenaufnahmen gemacht, um die Zahnstruktur und das Gewebe zu diagnostizieren. Danach wird das durch Frakturen oder Karies infizierte Pulpagewebe unter \u00f6rtlicher Bet\u00e4ubung aus dem Zahn entfernt. An der Stelle des entfernten Gewebes bildet sich ein Hohlraum, der so gereinigt wird, dass das \u00fcbrige Zahngewebe nicht besch\u00e4digt wird. Indem die Wurzelkan\u00e4le erreicht werden, werden die Nervenenden in diesem Bereich gehemmt. Der Hohlraum wird dann mit einem zahnfreundlichen F\u00fcllungsmaterial entsprechend der Gr\u00f6\u00dfe des Zahns gef\u00fcllt. Nach der abschlie\u00dfenden R\u00f6ntgenkontrolle ist die Behandlung erfolgreich abgeschlossen. Frag den Arzt<\/p>\n","protected":false},"author":1,"featured_media":0,"parent":5184,"menu_order":0,"comment_status":"closed","ping_status":"closed","template":"","meta":{"footnotes":""},"aioseo_notices":[],"_links":{"self":[{"href":"https:\/\/ilkimakcabelen.com\/de\/wp-json\/wp\/v2\/pages\/6020"}],"collection":[{"href":"https:\/\/ilkimakcabelen.com\/de\/wp-json\/wp\/v2\/pages"}],"about":[{"href":"https:\/\/ilkimakcabelen.com\/de\/wp-json\/wp\/v2\/types\/page"}],"author":[{"embeddable":true,"href":"https:\/\/ilkimakcabelen.com\/de\/wp-json\/wp\/v2\/users\/1"}],"replies":[{"embeddable":true,"href":"https:\/\/ilkimakcabelen.com\/de\/wp-json\/wp\/v2\/comments?post=6020"}],"version-history":[{"count":12,"href":"https:\/\/ilkimakcabelen.com\/de\/wp-json\/wp\/v2\/pages\/6020\/revisions"}],"predecessor-version":[{"id":6314,"href":"https:\/\/ilkimakcabelen.com\/de\/wp-json\/wp\/v2\/pages\/6020\/revisions\/6314"}],"up":[{"embeddable":true,"href":"https:\/\/ilkimakcabelen.com\/de\/wp-json\/wp\/v2\/pages\/5184"}],"wp:attachment":[{"href":"https:\/\/ilkimakcabelen.com\/de\/wp-json\/wp\/v2\/media?parent=6020"}],"curies":[{"name":"wp","href":"https:\/\/api.w.org\/{rel}","templated":true}]}}